{"id":1413,"date":"2025-05-15T08:02:00","date_gmt":"2025-05-15T11:02:00","guid":{"rendered":"https:\/\/editoraviva.art.br\/blog\/?page_id=1413"},"modified":"2025-05-15T08:54:25","modified_gmt":"2025-05-15T11:54:25","slug":"novidades","status":"publish","type":"page","link":"https:\/\/editoraviva.art.br\/blog\/novidades\/","title":{"rendered":"Novidades"},"content":{"rendered":"\t\t<div data-elementor-type=\"wp-page\" data-elementor-id=\"1413\" class=\"elementor elementor-1413\">\n\t\t\t\t<div class=\"elementor-element elementor-element-325f6036 e-flex e-con-boxed e-con e-parent\" data-id=\"325f6036\" data-element_type=\"container\" data-e-type=\"container\">\n\t\t\t\t\t<div class=\"e-con-inner\">\n\t\t\t\t<div class=\"elementor-element elementor-element-4b853189 elementor-widget elementor-widget-text-editor\" data-id=\"4b853189\" data-element_type=\"widget\" data-e-type=\"widget\" data-widget_type=\"text-editor.default\">\n\t\t\t\t<div class=\"elementor-widget-container\">\n\t\t\t\t\t\t\t\t\t\n\n\n\t\t\t\t\t\t\t\t<\/div>\n\t\t\t\t<\/div>\n\t\t\t\t\t<\/div>\n\t\t\t\t<\/div>\n\t\t<div class=\"elementor-element elementor-element-35611aa e-grid e-con-boxed e-con e-parent\" data-id=\"35611aa\" data-element_type=\"container\" data-e-type=\"container\" data-settings=\"{&quot;background_background&quot;:&quot;slideshow&quot;,&quot;background_slideshow_gallery&quot;:[{&quot;id&quot;:1338,&quot;url&quot;:&quot;https:\\\/\\\/editoraviva.art.br\\\/blog\\\/wp-content\\\/uploads\\\/2025\\\/04\\\/carretinha-tras-2.jpg&quot;},{&quot;id&quot;:1366,&quot;url&quot;:&quot;https:\\\/\\\/editoraviva.art.br\\\/blog\\\/wp-content\\\/uploads\\\/2025\\\/05\\\/1.jpg&quot;},{&quot;id&quot;:1353,&quot;url&quot;:&quot;https:\\\/\\\/editoraviva.art.br\\\/blog\\\/wp-content\\\/uploads\\\/2025\\\/04\\\/acendedor-2.jpg&quot;},{&quot;id&quot;:1349,&quot;url&quot;:&quot;https:\\\/\\\/editoraviva.art.br\\\/blog\\\/wp-content\\\/uploads\\\/2025\\\/04\\\/forno.jpg&quot;},{&quot;id&quot;:1375,&quot;url&quot;:&quot;https:\\\/\\\/editoraviva.art.br\\\/blog\\\/wp-content\\\/uploads\\\/2025\\\/05\\\/10.jpg&quot;}],&quot;background_slideshow_ken_burns&quot;:&quot;yes&quot;,&quot;background_slideshow_loop&quot;:&quot;yes&quot;,&quot;background_slideshow_slide_duration&quot;:5000,&quot;background_slideshow_slide_transition&quot;:&quot;fade&quot;,&quot;background_slideshow_transition_duration&quot;:500,&quot;background_slideshow_ken_burns_zoom_direction&quot;:&quot;in&quot;}\">\n\t\t\t\t\t<div class=\"e-con-inner\">\n\t\t\t\t<div class=\"elementor-element elementor-element-542a2bf elementor-widget elementor-widget-button\" data-id=\"542a2bf\" data-element_type=\"widget\" data-e-type=\"widget\" data-widget_type=\"button.default\">\n\t\t\t\t<div class=\"elementor-widget-container\">\n\t\t\t\t\t\t\t\t\t<div class=\"elementor-button-wrapper\">\n\t\t\t\t\t<a class=\"elementor-button elementor-button-link elementor-size-sm\" href=\"https:\/\/editoraviva.art.br\/blog\/ossosluzia\/\">\n\t\t\t\t\t\t<span class=\"elementor-button-content-wrapper\">\n\t\t\t\t\t\t\t\t\t<span class=\"elementor-button-text\">Festival de Comida de Rua Ossos de Luzia<\/span>\n\t\t\t\t\t<\/span>\n\t\t\t\t\t<\/a>\n\t\t\t\t<\/div>\n\t\t\t\t\t\t\t\t<\/div>\n\t\t\t\t<\/div>\n\t\t\t\t<div class=\"elementor-element elementor-element-a926d49 elementor-widget elementor-widget-button\" data-id=\"a926d49\" data-element_type=\"widget\" data-e-type=\"widget\" data-widget_type=\"button.default\">\n\t\t\t\t<div class=\"elementor-widget-container\">\n\t\t\t\t\t\t\t\t\t<div class=\"elementor-button-wrapper\">\n\t\t\t\t\t<a class=\"elementor-button elementor-button-link elementor-size-sm\" href=\"#\">\n\t\t\t\t\t\t<span class=\"elementor-button-content-wrapper\">\n\t\t\t\t\t\t\t\t\t<span class=\"elementor-button-text\">Livro feito pelo fogo: Pizza artesanal<\/span>\n\t\t\t\t\t<\/span>\n\t\t\t\t\t<\/a>\n\t\t\t\t<\/div>\n\t\t\t\t\t\t\t\t<\/div>\n\t\t\t\t<\/div>\n\t\t\t\t<div class=\"elementor-element elementor-element-6181aae elementor-widget elementor-widget-heading\" data-id=\"6181aae\" data-element_type=\"widget\" data-e-type=\"widget\" data-widget_type=\"heading.default\">\n\t\t\t\t<div class=\"elementor-widget-container\">\n\t\t\t\t\t<h2 class=\"elementor-heading-title elementor-size-default\">Veja aqui as nossas \u00faltimas atualiza\u00e7\u00f5es de servi\u00e7os e produtos<\/h2>\t\t\t\t<\/div>\n\t\t\t\t<\/div>\n\t\t\t\t\t<\/div>\n\t\t\t\t<\/div>\n\t\t\t\t<\/div>\n\t\t","protected":false},"excerpt":{"rendered":"<p>Festival de Comida de Rua Ossos de Luzia Livro feito pelo fogo: Pizza artesanal Veja aqui as nossas \u00faltimas atualiza\u00e7\u00f5es de servi\u00e7os e produtos<\/p>\n","protected":false},"author":2,"featured_media":0,"parent":0,"menu_order":0,"comment_status":"closed","ping_status":"closed","template":"","meta":{"_crdt_document":"","pagelayer_contact_templates":[],"_pagelayer_content":"","_uag_custom_page_level_css":"","_monsterinsights_skip_tracking":false,"_monsterinsights_sitenote_active":false,"_monsterinsights_sitenote_note":"","_monsterinsights_sitenote_category":0,"site-sidebar-layout":"default","site-content-layout":"","ast-site-content-layout":"default","site-content-style":"default","site-sidebar-style":"default","ast-global-header-display":"","ast-banner-title-visibility":"","ast-main-header-display":"","ast-hfb-above-header-display":"","ast-hfb-below-header-display":"","ast-hfb-mobile-header-display":"","site-post-title":"","ast-breadcrumbs-content":"","ast-featured-img":"","footer-sml-layout":"","ast-disable-related-posts":"","theme-transparent-header-meta":"","adv-header-id-meta":"","stick-header-meta":"","header-above-stick-meta":"","header-main-stick-meta":"","header-below-stick-meta":"","astra-migrate-meta-layouts":"set","ast-page-background-enabled":"default","ast-page-background-meta":{"desktop":{"background-color":"var(--ast-global-color-4)","background-image":"","background-repeat":"repeat","background-position":"center center","background-size":"auto","background-attachment":"scroll","background-type":"","background-media":"","overlay-type":"","overlay-color":"","overlay-opacity":"","overlay-gradient":""},"tablet":{"background-color":"","background-image":"","background-repeat":"repeat","background-position":"center center","background-size":"auto","background-attachment":"scroll","background-type":"","background-media":"","overlay-type":"","overlay-color":"","overlay-opacity":"","overlay-gradient":""},"mobile":{"background-color":"","background-image":"","background-repeat":"repeat","background-position":"center center","background-size":"auto","background-attachment":"scroll","background-type":"","background-media":"","overlay-type":"","overlay-color":"","overlay-opacity":"","overlay-gradient":""}},"ast-content-background-meta":{"desktop":{"background-color":"var(--ast-global-color-5)","background-image":"","background-repeat":"repeat","background-position":"center center","background-size":"auto","background-attachment":"scroll","background-type":"","background-media":"","overlay-type":"","overlay-color":"","overlay-opacity":"","overlay-gradient":""},"tablet":{"background-color":"var(--ast-global-color-5)","background-image":"","background-repeat":"repeat","background-position":"center center","background-size":"auto","background-attachment":"scroll","background-type":"","background-media":"","overlay-type":"","overlay-color":"","overlay-opacity":"","overlay-gradient":""},"mobile":{"background-color":"var(--ast-global-color-5)","background-image":"","background-repeat":"repeat","background-position":"center center","background-size":"auto","background-attachment":"scroll","background-type":"","background-media":"","overlay-type":"","overlay-color":"","overlay-opacity":"","overlay-gradient":""}},"footnotes":""},"class_list":["post-1413","page","type-page","status-publish","hentry"],"featured_image_src":null,"aioseo_notices":[],"uagb_featured_image_src":{"full":false,"thumbnail":false,"medium":false,"medium_large":false,"large":false,"1536x1536":false,"2048x2048":false,"woocommerce_thumbnail":false,"woocommerce_single":false,"woocommerce_gallery_thumbnail":false},"uagb_author_info":{"display_name":"admin","author_link":"https:\/\/editoraviva.art.br\/blog\/author\/admin-2\/"},"uagb_comment_info":0,"uagb_excerpt":"Festival de Comida de Rua Ossos de Luzia Livro feito pelo fogo: Pizza artesanal Veja aqui as nossas \u00faltimas atualiza\u00e7\u00f5es de servi\u00e7os e produtos","jetpack_sharing_enabled":true,"post_mailing_queue_ids":[],"_links":{"self":[{"href":"https:\/\/editoraviva.art.br\/blog\/wp-json\/wp\/v2\/pages\/1413","targetHints":{"allow":["GET"]}}],"collection":[{"href":"https:\/\/editoraviva.art.br\/blog\/wp-json\/wp\/v2\/pages"}],"about":[{"href":"https:\/\/editoraviva.art.br\/blog\/wp-json\/wp\/v2\/types\/page"}],"author":[{"embeddable":true,"href":"https:\/\/editoraviva.art.br\/blog\/wp-json\/wp\/v2\/users\/2"}],"replies":[{"embeddable":true,"href":"https:\/\/editoraviva.art.br\/blog\/wp-json\/wp\/v2\/comments?post=1413"}],"version-history":[{"count":23,"href":"https:\/\/editoraviva.art.br\/blog\/wp-json\/wp\/v2\/pages\/1413\/revisions"}],"predecessor-version":[{"id":1438,"href":"https:\/\/editoraviva.art.br\/blog\/wp-json\/wp\/v2\/pages\/1413\/revisions\/1438"}],"wp:attachment":[{"href":"https:\/\/editoraviva.art.br\/blog\/wp-json\/wp\/v2\/media?parent=1413"}],"curies":[{"name":"wp","href":"https:\/\/api.w.org\/{rel}","templated":true}]}}