{"id":171,"date":"2023-01-15T22:49:30","date_gmt":"2023-01-16T01:49:30","guid":{"rendered":"https:\/\/editoraviva.art.br\/blog\/?page_id=171"},"modified":"2023-01-15T22:49:32","modified_gmt":"2023-01-16T01:49:32","slug":"noticias-e-atualizacoes","status":"publish","type":"page","link":"https:\/\/editoraviva.art.br\/blog\/noticias-e-atualizacoes\/","title":{"rendered":"Not\u00edcias e Atualiza\u00e7\u00f5es"},"content":{"rendered":"<ul class=\"wp-block-categories-list wp-block-categories-taxonomy-category wp-block-categories\">\t<li class=\"cat-item cat-item-105\"><a href=\"https:\/\/editoraviva.art.br\/blog\/category\/4-tempos-de-harmonizacao-de-pizzas\/\">4 tempos de harmoniza\u00e7\u00e3o de pizzas<\/a> (1)\n<\/li>\n\t<li class=\"cat-item cat-item-31\"><a href=\"https:\/\/editoraviva.art.br\/blog\/category\/agenda\/\">agenda<\/a> (1)\n<\/li>\n\t<li class=\"cat-item cat-item-2\"><a href=\"https:\/\/editoraviva.art.br\/blog\/category\/anuncios\/\">an\u00fancios<\/a> (5)\n<\/li>\n\t<li class=\"cat-item cat-item-106\"><a href=\"https:\/\/editoraviva.art.br\/blog\/category\/camisetas\/\">camisetas<\/a> (2)\n<\/li>\n\t<li class=\"cat-item cat-item-110\"><a href=\"https:\/\/editoraviva.art.br\/blog\/category\/clube-de-vantagens\/\">clube de vantagens<\/a> (1)\n<\/li>\n\t<li class=\"cat-item cat-item-32\"><a href=\"https:\/\/editoraviva.art.br\/blog\/category\/dicionario-temperos\/\">dicion\u00e1rio temperos<\/a> (1)\n<\/li>\n\t<li class=\"cat-item cat-item-22\"><a href=\"https:\/\/editoraviva.art.br\/blog\/category\/emdestaque\/\">Em destaque<\/a> (4)\n<\/li>\n\t<li class=\"cat-item cat-item-53\"><a href=\"https:\/\/editoraviva.art.br\/blog\/category\/ferramentas-e-utensilios\/\">ferramentas e utens\u00edlios<\/a> (3)\n<\/li>\n\t<li class=\"cat-item cat-item-57\"><a href=\"https:\/\/editoraviva.art.br\/blog\/category\/food-service\/\">food service<\/a> (2)\n<\/li>\n\t<li class=\"cat-item cat-item-58\"><a href=\"https:\/\/editoraviva.art.br\/blog\/category\/nossa-cultura-alimentar\/\">nossa cultura alimentar<\/a> (1)\n<\/li>\n\t<li class=\"cat-item cat-item-47\"><a href=\"https:\/\/editoraviva.art.br\/blog\/category\/pizza-movel\/\">pizza m\u00f3vel<\/a> (5)\n<\/li>\n\t<li class=\"cat-item cat-item-40\"><a href=\"https:\/\/editoraviva.art.br\/blog\/category\/pizza-semana\/\">pizza semana<\/a> (1)\n<\/li>\n\t<li class=\"cat-item cat-item-104\"><a href=\"https:\/\/editoraviva.art.br\/blog\/category\/roteiro-video\/\">roteiro video<\/a> (3)\n<\/li>\n\t<li class=\"cat-item cat-item-107\"><a href=\"https:\/\/editoraviva.art.br\/blog\/category\/tecnologias-para-food-services\/\">tecnologias para food services<\/a> (2)\n<\/li>\n\t<li class=\"cat-item cat-item-1\"><a href=\"https:\/\/editoraviva.art.br\/blog\/category\/uncategorized\/\">Uncategorized<\/a> (4)\n<\/li>\n\t<li class=\"cat-item cat-item-52\"><a href=\"https:\/\/editoraviva.art.br\/blog\/category\/youtube-videos\/\">youtube videos<\/a> (4)\n<\/li>\n<\/ul>\n\n<ul class=\"wp-block-latest-posts__list wp-block-latest-posts\"><li><a class=\"wp-block-latest-posts__post-title\" href=\"https:\/\/editoraviva.art.br\/blog\/2025\/08\/18\/reflexoes-sobre-os-clubes-de-vantagens-e-como-fazer\/\">Reflex\u00f5es sobre os clubes de vantagens e como fazer.<\/a><\/li>\n<li><a class=\"wp-block-latest-posts__post-title\" href=\"https:\/\/editoraviva.art.br\/blog\/2025\/08\/17\/como-funciona-o-nosso-clube-de-vantagens-de-turismo\/\">Como funciona o nosso clube de vantagens de turismo<\/a><\/li>\n<li><a class=\"wp-block-latest-posts__post-title\" href=\"https:\/\/editoraviva.art.br\/blog\/2025\/07\/17\/atuacao-do-fogo-e-lenha-tech-para-os-empreendedores-de-alimentacao\/\">Atua\u00e7\u00e3o do Fogo e Lenha Tech para os empreendedores de alimenta\u00e7\u00e3o.<\/a><\/li>\n<li><a class=\"wp-block-latest-posts__post-title\" href=\"https:\/\/editoraviva.art.br\/blog\/2025\/07\/09\/template-notion-gestao-de-filas-para-eventos-gastronomicos\/\">Template Notion: Gest\u00e3o de Filas para Eventos Gastron\u00f4micos<\/a><\/li>\n<li><a class=\"wp-block-latest-posts__post-title\" href=\"https:\/\/editoraviva.art.br\/blog\/2025\/07\/06\/qual-e-a-diferenca-entre-molhos-pate-antepastos-geleias\/\">Qual \u00e9 a diferen\u00e7a entre molhos, pate, antepastos, geleias<\/a><\/li>\n<\/ul>\n\n\n\t\t\t<div class=\"wp-block-uagb-post-carousel uagb-post-grid  uagb-post__image-position-top uagb-post__image-enabled uagb-block-fcc39eb3     uagb-post__arrow-outside uagb-slick-carousel uagb-post__items uagb-post__columns-3 is-carousel uagb-post__columns-tablet-2 uagb-post__columns-mobile-1\" data-total=\"5\" style=\"\">\n\n\t\t\t\t\t\t\t\t\t\t\t\t<article class=\"uagb-post__inner-wrap\">\t\t\t\t\t\t\t\t<div class='uagb-post__image'>\n\t\t\t\t\t\t\t\t\t<a href=\"https:\/\/editoraviva.art.br\/blog\/2025\/08\/18\/reflexoes-sobre-os-clubes-de-vantagens-e-como-fazer\/\" target=\"_self\" rel=\"bookmark noopener noreferrer\"><img fetchpriority=\"high\" decoding=\"async\" width=\"768\" height=\"1024\" src=\"https:\/\/editoraviva.art.br\/blog\/wp-content\/uploads\/2025\/08\/1-1-768x1024.jpg\" class=\"attachment-large size-large\" alt=\"\" srcset=\"https:\/\/editoraviva.art.br\/blog\/wp-content\/uploads\/2025\/08\/1-1-768x1024.jpg 768w, https:\/\/editoraviva.art.br\/blog\/wp-content\/uploads\/2025\/08\/1-1-225x300.jpg 225w, https:\/\/editoraviva.art.br\/blog\/wp-content\/uploads\/2025\/08\/1-1-1152x1536.jpg 1152w, https:\/\/editoraviva.art.br\/blog\/wp-content\/uploads\/2025\/08\/1-1-600x800.jpg 600w, https:\/\/editoraviva.art.br\/blog\/wp-content\/uploads\/2025\/08\/1-1.jpg 1440w\" sizes=\"(max-width: 768px) 100vw, 768px\" \/>\t\t\t\t\t<\/a>\n\t\t\t\t\t\t\t\t\t<\/div>\n\t\t\t\t\t\t<h4 class=\"uagb-post__title uagb-post__text\">\n\t\t\t\t<a href=\"https:\/\/editoraviva.art.br\/blog\/2025\/08\/18\/reflexoes-sobre-os-clubes-de-vantagens-e-como-fazer\/\" target=\"_self\" rel=\"bookmark noopener noreferrer\">Reflex\u00f5es sobre os clubes de vantagens e como fazer.<\/a>\n\t\t\t<\/h4>\n\t\t\t\t\t\t<div class='uagb-post__text uagb-post-grid-byline'>\n\t\t\t\t\t\t\t\t<time datetime=\"2025-08-18T12:32:02-03:00\" class=\"uagb-post__date\">\n\t\t\t\t<span class=\"dashicons-calendar dashicons\"><\/span>\t\t\t\t\t18 de agosto de 2025\t\t\t\t<\/time>\n\t\t\t\t\t\t\t<span class=\"uagb-post__comment\">\n\t\t\t\t<span class=\"dashicons-admin-comments dashicons\"><\/span>\t\t\t\t\tNenhum coment\u00e1rio\t\t\t\t<\/span>\n\t\t\t\t\t\t<\/div>\n\t\t\t\t\t\t\t<div class='uagb-post__text uagb-post__excerpt'>\n\t\t\t\t\t<p>&nbsp; \ud83c\udfaf Por que especialistas de marketing defendem a pontua\u00e7\u00e3o como modelo superior? Engajamento cont\u00ednuo&#8230;\t\t\t\t<\/div>\n\t\t\t\t\t\t<div class=\"uagb-post__text uagb-post__cta wp-block-button\">\n\t\t\t\t<a class=\"wp-block-button__link uagb-text-link\" style=\"\" href=\"https:\/\/editoraviva.art.br\/blog\/2025\/08\/18\/reflexoes-sobre-os-clubes-de-vantagens-e-como-fazer\/\" target=\"_self\" rel=\"bookmark noopener noreferrer\">Ler mais<\/a>\n\t\t\t<\/div>\n\t\t\t\n\t\t\t\t\t\t\t\t\t<\/article>\n\t\t\t\t\t\t\t\t\t\t\t\t\t\t\t\t<article class=\"uagb-post__inner-wrap\">\t\t\t\t\t\t\t\t<h4 class=\"uagb-post__title uagb-post__text\">\n\t\t\t\t<a href=\"https:\/\/editoraviva.art.br\/blog\/2025\/08\/17\/como-funciona-o-nosso-clube-de-vantagens-de-turismo\/\" target=\"_self\" rel=\"bookmark noopener noreferrer\">Como funciona o nosso clube de vantagens de turismo<\/a>\n\t\t\t<\/h4>\n\t\t\t\t\t\t<div class='uagb-post__text uagb-post-grid-byline'>\n\t\t\t\t\t\t\t\t<time datetime=\"2025-08-17T18:41:15-03:00\" class=\"uagb-post__date\">\n\t\t\t\t<span class=\"dashicons-calendar dashicons\"><\/span>\t\t\t\t\t17 de agosto de 2025\t\t\t\t<\/time>\n\t\t\t\t\t\t\t<span class=\"uagb-post__comment\">\n\t\t\t\t<span class=\"dashicons-admin-comments dashicons\"><\/span>\t\t\t\t\tNenhum coment\u00e1rio\t\t\t\t<\/span>\n\t\t\t\t\t\t<\/div>\n\t\t\t\t\t\t\t<div class='uagb-post__text uagb-post__excerpt'>\n\t\t\t\t\t<p>1\ufe0f\u20e3 Introdu\u00e7\u00e3o \u2013 O que \u00e9 um Clube de Vantagens? Um programa de relacionamento entre&#8230;\t\t\t\t<\/div>\n\t\t\t\t\t\t<div class=\"uagb-post__text uagb-post__cta wp-block-button\">\n\t\t\t\t<a class=\"wp-block-button__link uagb-text-link\" style=\"\" href=\"https:\/\/editoraviva.art.br\/blog\/2025\/08\/17\/como-funciona-o-nosso-clube-de-vantagens-de-turismo\/\" target=\"_self\" rel=\"bookmark noopener noreferrer\">Ler mais<\/a>\n\t\t\t<\/div>\n\t\t\t\n\t\t\t\t\t\t\t\t\t<\/article>\n\t\t\t\t\t\t\t\t\t\t\t\t\t\t\t\t<article class=\"uagb-post__inner-wrap\">\t\t\t\t\t\t\t\t<h4 class=\"uagb-post__title uagb-post__text\">\n\t\t\t\t<a href=\"https:\/\/editoraviva.art.br\/blog\/2025\/07\/17\/atuacao-do-fogo-e-lenha-tech-para-os-empreendedores-de-alimentacao\/\" target=\"_self\" rel=\"bookmark noopener noreferrer\">Atua\u00e7\u00e3o do Fogo e Lenha Tech para os empreendedores de alimenta\u00e7\u00e3o.<\/a>\n\t\t\t<\/h4>\n\t\t\t\t\t\t<div class='uagb-post__text uagb-post-grid-byline'>\n\t\t\t\t\t\t\t\t<time datetime=\"2025-07-17T01:11:39-03:00\" class=\"uagb-post__date\">\n\t\t\t\t<span class=\"dashicons-calendar dashicons\"><\/span>\t\t\t\t\t17 de julho de 2025\t\t\t\t<\/time>\n\t\t\t\t\t\t\t<span class=\"uagb-post__comment\">\n\t\t\t\t<span class=\"dashicons-admin-comments dashicons\"><\/span>\t\t\t\t\tNenhum coment\u00e1rio\t\t\t\t<\/span>\n\t\t\t\t\t\t<\/div>\n\t\t\t\t\t\t\t<div class='uagb-post__text uagb-post__excerpt'>\n\t\t\t\t\t<p>&nbsp; \ud83d\udd25 Fogo e Lenha Tech Inova\u00e7\u00e3o e tecnologia para transformar o setor de alimentos&#8230;\t\t\t\t<\/div>\n\t\t\t\t\t\t<div class=\"uagb-post__text uagb-post__cta wp-block-button\">\n\t\t\t\t<a class=\"wp-block-button__link uagb-text-link\" style=\"\" href=\"https:\/\/editoraviva.art.br\/blog\/2025\/07\/17\/atuacao-do-fogo-e-lenha-tech-para-os-empreendedores-de-alimentacao\/\" target=\"_self\" rel=\"bookmark noopener noreferrer\">Ler mais<\/a>\n\t\t\t<\/div>\n\t\t\t\n\t\t\t\t\t\t\t\t\t<\/article>\n\t\t\t\t\t\t\t\t\t\t\t\t\t\t\t\t<article class=\"uagb-post__inner-wrap\">\t\t\t\t\t\t\t\t<div class='uagb-post__image'>\n\t\t\t\t\t\t\t\t\t<a href=\"https:\/\/editoraviva.art.br\/blog\/2025\/07\/09\/template-notion-gestao-de-filas-para-eventos-gastronomicos\/\" target=\"_self\" rel=\"bookmark noopener noreferrer\"><img decoding=\"async\" width=\"1024\" height=\"1024\" src=\"https:\/\/editoraviva.art.br\/blog\/wp-content\/uploads\/2025\/07\/a-vibrant-lifestyle-advertisement-for-pa_6Ap5Qh0dQTqyqvdlk7R9qw_xK9fwFI4QjGULsF1H34rcg.jpeg\" class=\"attachment-large size-large\" alt=\"\" srcset=\"https:\/\/editoraviva.art.br\/blog\/wp-content\/uploads\/2025\/07\/a-vibrant-lifestyle-advertisement-for-pa_6Ap5Qh0dQTqyqvdlk7R9qw_xK9fwFI4QjGULsF1H34rcg.jpeg 1024w, https:\/\/editoraviva.art.br\/blog\/wp-content\/uploads\/2025\/07\/a-vibrant-lifestyle-advertisement-for-pa_6Ap5Qh0dQTqyqvdlk7R9qw_xK9fwFI4QjGULsF1H34rcg-300x300.jpeg 300w, https:\/\/editoraviva.art.br\/blog\/wp-content\/uploads\/2025\/07\/a-vibrant-lifestyle-advertisement-for-pa_6Ap5Qh0dQTqyqvdlk7R9qw_xK9fwFI4QjGULsF1H34rcg-150x150.jpeg 150w, https:\/\/editoraviva.art.br\/blog\/wp-content\/uploads\/2025\/07\/a-vibrant-lifestyle-advertisement-for-pa_6Ap5Qh0dQTqyqvdlk7R9qw_xK9fwFI4QjGULsF1H34rcg-768x768.jpeg 768w, https:\/\/editoraviva.art.br\/blog\/wp-content\/uploads\/2025\/07\/a-vibrant-lifestyle-advertisement-for-pa_6Ap5Qh0dQTqyqvdlk7R9qw_xK9fwFI4QjGULsF1H34rcg-600x600.jpeg 600w, https:\/\/editoraviva.art.br\/blog\/wp-content\/uploads\/2025\/07\/a-vibrant-lifestyle-advertisement-for-pa_6Ap5Qh0dQTqyqvdlk7R9qw_xK9fwFI4QjGULsF1H34rcg-100x100.jpeg 100w\" sizes=\"(max-width: 1024px) 100vw, 1024px\" \/>\t\t\t\t\t<\/a>\n\t\t\t\t\t\t\t\t\t<\/div>\n\t\t\t\t\t\t<h4 class=\"uagb-post__title uagb-post__text\">\n\t\t\t\t<a href=\"https:\/\/editoraviva.art.br\/blog\/2025\/07\/09\/template-notion-gestao-de-filas-para-eventos-gastronomicos\/\" target=\"_self\" rel=\"bookmark noopener noreferrer\">Template Notion: Gest\u00e3o de Filas para Eventos Gastron\u00f4micos<\/a>\n\t\t\t<\/h4>\n\t\t\t\t\t\t<div class='uagb-post__text uagb-post-grid-byline'>\n\t\t\t\t\t\t\t\t<time datetime=\"2025-07-09T14:18:11-03:00\" class=\"uagb-post__date\">\n\t\t\t\t<span class=\"dashicons-calendar dashicons\"><\/span>\t\t\t\t\t9 de julho de 2025\t\t\t\t<\/time>\n\t\t\t\t\t\t\t<span class=\"uagb-post__comment\">\n\t\t\t\t<span class=\"dashicons-admin-comments dashicons\"><\/span>\t\t\t\t\tNenhum coment\u00e1rio\t\t\t\t<\/span>\n\t\t\t\t\t\t<\/div>\n\t\t\t\t\t\t\t<div class='uagb-post__text uagb-post__excerpt'>\n\t\t\t\t\t<p>\ud83d\udccb Template Notion: Gest\u00e3o de Filas para Eventos Gastron\u00f4micos Chega de filas, confus\u00e3o e perda&#8230;\t\t\t\t<\/div>\n\t\t\t\t\t\t<div class=\"uagb-post__text uagb-post__cta wp-block-button\">\n\t\t\t\t<a class=\"wp-block-button__link uagb-text-link\" style=\"\" href=\"https:\/\/editoraviva.art.br\/blog\/2025\/07\/09\/template-notion-gestao-de-filas-para-eventos-gastronomicos\/\" target=\"_self\" rel=\"bookmark noopener noreferrer\">Ler mais<\/a>\n\t\t\t<\/div>\n\t\t\t\n\t\t\t\t\t\t\t\t\t<\/article>\n\t\t\t\t\t\t\t\t\t\t\t\t\t\t\t\t<article class=\"uagb-post__inner-wrap\">\t\t\t\t\t\t\t\t<div class='uagb-post__image'>\n\t\t\t\t\t\t\t\t\t<a href=\"https:\/\/editoraviva.art.br\/blog\/2025\/07\/06\/qual-e-a-diferenca-entre-molhos-pate-antepastos-geleias\/\" target=\"_self\" rel=\"bookmark noopener noreferrer\"><img decoding=\"async\" width=\"1024\" height=\"559\" src=\"https:\/\/editoraviva.art.br\/blog\/wp-content\/uploads\/2025\/07\/Image_fx-41-1024x559.jpg\" class=\"attachment-large size-large\" alt=\"\" srcset=\"https:\/\/editoraviva.art.br\/blog\/wp-content\/uploads\/2025\/07\/Image_fx-41-1024x559.jpg 1024w, https:\/\/editoraviva.art.br\/blog\/wp-content\/uploads\/2025\/07\/Image_fx-41-300x164.jpg 300w, https:\/\/editoraviva.art.br\/blog\/wp-content\/uploads\/2025\/07\/Image_fx-41-768x419.jpg 768w, https:\/\/editoraviva.art.br\/blog\/wp-content\/uploads\/2025\/07\/Image_fx-41-600x327.jpg 600w, https:\/\/editoraviva.art.br\/blog\/wp-content\/uploads\/2025\/07\/Image_fx-41.jpg 1408w\" sizes=\"(max-width: 1024px) 100vw, 1024px\" \/>\t\t\t\t\t<\/a>\n\t\t\t\t\t\t\t\t\t<\/div>\n\t\t\t\t\t\t<h4 class=\"uagb-post__title uagb-post__text\">\n\t\t\t\t<a href=\"https:\/\/editoraviva.art.br\/blog\/2025\/07\/06\/qual-e-a-diferenca-entre-molhos-pate-antepastos-geleias\/\" target=\"_self\" rel=\"bookmark noopener noreferrer\">Qual \u00e9 a diferen\u00e7a entre molhos, pate, antepastos, geleias<\/a>\n\t\t\t<\/h4>\n\t\t\t\t\t\t<div class='uagb-post__text uagb-post-grid-byline'>\n\t\t\t\t\t\t\t\t<time datetime=\"2025-07-06T12:42:02-03:00\" class=\"uagb-post__date\">\n\t\t\t\t<span class=\"dashicons-calendar dashicons\"><\/span>\t\t\t\t\t6 de julho de 2025\t\t\t\t<\/time>\n\t\t\t\t\t\t\t<span class=\"uagb-post__comment\">\n\t\t\t\t<span class=\"dashicons-admin-comments dashicons\"><\/span>\t\t\t\t\tNenhum coment\u00e1rio\t\t\t\t<\/span>\n\t\t\t\t\t\t<\/div>\n\t\t\t\t\t\t\t<div class='uagb-post__text uagb-post__excerpt'>\n\t\t\t\t\t<p>Acrescentar novos sabores a um determinado alimento como um sandu\u00edche, uma carne, um p\u00e3o e&#8230;\t\t\t\t<\/div>\n\t\t\t\t\t\t<div class=\"uagb-post__text uagb-post__cta wp-block-button\">\n\t\t\t\t<a class=\"wp-block-button__link uagb-text-link\" style=\"\" href=\"https:\/\/editoraviva.art.br\/blog\/2025\/07\/06\/qual-e-a-diferenca-entre-molhos-pate-antepastos-geleias\/\" target=\"_self\" rel=\"bookmark noopener noreferrer\">Ler mais<\/a>\n\t\t\t<\/div>\n\t\t\t\n\t\t\t\t\t\t\t\t\t<\/article>\n\t\t\t\t\t\t\t\t\t\t\t\t\t\t\t\t<article class=\"uagb-post__inner-wrap\">\t\t\t\t\t\t\t\t<div class='uagb-post__image'>\n\t\t\t\t\t\t\t\t\t<a href=\"https:\/\/editoraviva.art.br\/blog\/2025\/06\/23\/lancamento-de-novas-estampas-e-camisetas\/\" target=\"_self\" rel=\"bookmark noopener noreferrer\"><img loading=\"lazy\" decoding=\"async\" width=\"411\" height=\"504\" src=\"https:\/\/editoraviva.art.br\/blog\/wp-content\/uploads\/2025\/06\/pizza-resposta-camiseta.jpg\" class=\"attachment-large size-large\" alt=\"\" srcset=\"https:\/\/editoraviva.art.br\/blog\/wp-content\/uploads\/2025\/06\/pizza-resposta-camiseta.jpg 411w, https:\/\/editoraviva.art.br\/blog\/wp-content\/uploads\/2025\/06\/pizza-resposta-camiseta-245x300.jpg 245w\" sizes=\"(max-width: 411px) 100vw, 411px\" \/>\t\t\t\t\t<\/a>\n\t\t\t\t\t\t\t\t\t<\/div>\n\t\t\t\t\t\t<h4 class=\"uagb-post__title uagb-post__text\">\n\t\t\t\t<a href=\"https:\/\/editoraviva.art.br\/blog\/2025\/06\/23\/lancamento-de-novas-estampas-e-camisetas\/\" target=\"_self\" rel=\"bookmark noopener noreferrer\">Lan\u00e7amento de novas estampas e camisetas<\/a>\n\t\t\t<\/h4>\n\t\t\t\t\t\t<div class='uagb-post__text uagb-post-grid-byline'>\n\t\t\t\t\t\t\t\t<time datetime=\"2025-06-23T15:03:34-03:00\" class=\"uagb-post__date\">\n\t\t\t\t<span class=\"dashicons-calendar dashicons\"><\/span>\t\t\t\t\t23 de junho de 2025\t\t\t\t<\/time>\n\t\t\t\t\t\t\t<span class=\"uagb-post__comment\">\n\t\t\t\t<span class=\"dashicons-admin-comments dashicons\"><\/span>\t\t\t\t\tNenhum coment\u00e1rio\t\t\t\t<\/span>\n\t\t\t\t\t\t<\/div>\n\t\t\t\t\t\t\t<div class='uagb-post__text uagb-post__excerpt'>\n\t\t\t\t\t<p>\ud83c\udf89 Novos lan\u00e7amentos no ar! Sempre temos novidades chegando com novas frases, ilustra\u00e7\u00f5es e estampas&#8230;\t\t\t\t<\/div>\n\t\t\t\t\t\t<div class=\"uagb-post__text uagb-post__cta wp-block-button\">\n\t\t\t\t<a class=\"wp-block-button__link uagb-text-link\" style=\"\" href=\"https:\/\/editoraviva.art.br\/blog\/2025\/06\/23\/lancamento-de-novas-estampas-e-camisetas\/\" target=\"_self\" rel=\"bookmark noopener noreferrer\">Ler mais<\/a>\n\t\t\t<\/div>\n\t\t\t\n\t\t\t\t\t\t\t\t\t<\/article>\n\t\t\t\t\t\t\t\t\t\t\t<\/div>\n\t\t\t","protected":false},"excerpt":{"rendered":"","protected":false},"author":2,"featured_media":0,"parent":0,"menu_order":0,"comment_status":"closed","ping_status":"closed","template":"","meta":{"_crdt_document":"","pagelayer_contact_templates":[],"_pagelayer_content":"","_uag_custom_page_level_css":"","_monsterinsights_skip_tracking":false,"_monsterinsights_sitenote_active":false,"_monsterinsights_sitenote_note":"","_monsterinsights_sitenote_category":0,"site-sidebar-layout":"default","site-content-layout":"","ast-site-content-layout":"default","site-content-style":"default","site-sidebar-style":"default","ast-global-header-display":"","ast-banner-title-visibility":"","ast-main-header-display":"","ast-hfb-above-header-display":"","ast-hfb-below-header-display":"","ast-hfb-mobile-header-display":"","site-post-title":"","ast-breadcrumbs-content":"","ast-featured-img":"","footer-sml-layout":"","ast-disable-related-posts":"","theme-transparent-header-meta":"","adv-header-id-meta":"","stick-header-meta":"","header-above-stick-meta":"","header-main-stick-meta":"","header-below-stick-meta":"","astra-migrate-meta-layouts":"default","ast-page-background-enabled":"default","ast-page-background-meta":{"desktop":{"background-color":"var(--ast-global-color-4)","background-image":"","background-repeat":"repeat","background-position":"center center","background-size":"auto","background-attachment":"scroll","background-type":"","background-media":"","overlay-type":"","overlay-color":"","overlay-opacity":"","overlay-gradient":""},"tablet":{"background-color":"","background-image":"","background-repeat":"repeat","background-position":"center center","background-size":"auto","background-attachment":"scroll","background-type":"","background-media":"","overlay-type":"","overlay-color":"","overlay-opacity":"","overlay-gradient":""},"mobile":{"background-color":"","background-image":"","background-repeat":"repeat","background-position":"center center","background-size":"auto","background-attachment":"scroll","background-type":"","background-media":"","overlay-type":"","overlay-color":"","overlay-opacity":"","overlay-gradient":""}},"ast-content-background-meta":{"desktop":{"background-color":"var(--ast-global-color-5)","background-image":"","background-repeat":"repeat","background-position":"center center","background-size":"auto","background-attachment":"scroll","background-type":"","background-media":"","overlay-type":"","overlay-color":"","overlay-opacity":"","overlay-gradient":""},"tablet":{"background-color":"var(--ast-global-color-5)","background-image":"","background-repeat":"repeat","background-position":"center center","background-size":"auto","background-attachment":"scroll","background-type":"","background-media":"","overlay-type":"","overlay-color":"","overlay-opacity":"","overlay-gradient":""},"mobile":{"background-color":"var(--ast-global-color-5)","background-image":"","background-repeat":"repeat","background-position":"center center","background-size":"auto","background-attachment":"scroll","background-type":"","background-media":"","overlay-type":"","overlay-color":"","overlay-opacity":"","overlay-gradient":""}},"footnotes":""},"class_list":["post-171","page","type-page","status-publish","hentry"],"featured_image_src":null,"aioseo_notices":[],"uagb_featured_image_src":{"full":false,"thumbnail":false,"medium":false,"medium_large":false,"large":false,"1536x1536":false,"2048x2048":false,"woocommerce_thumbnail":false,"woocommerce_single":false,"woocommerce_gallery_thumbnail":false},"uagb_author_info":{"display_name":"admin","author_link":"https:\/\/editoraviva.art.br\/blog\/author\/admin-2\/"},"uagb_comment_info":0,"uagb_excerpt":null,"jetpack_sharing_enabled":true,"post_mailing_queue_ids":[],"_links":{"self":[{"href":"https:\/\/editoraviva.art.br\/blog\/wp-json\/wp\/v2\/pages\/171","targetHints":{"allow":["GET"]}}],"collection":[{"href":"https:\/\/editoraviva.art.br\/blog\/wp-json\/wp\/v2\/pages"}],"about":[{"href":"https:\/\/editoraviva.art.br\/blog\/wp-json\/wp\/v2\/types\/page"}],"author":[{"embeddable":true,"href":"https:\/\/editoraviva.art.br\/blog\/wp-json\/wp\/v2\/users\/2"}],"replies":[{"embeddable":true,"href":"https:\/\/editoraviva.art.br\/blog\/wp-json\/wp\/v2\/comments?post=171"}],"version-history":[{"count":1,"href":"https:\/\/editoraviva.art.br\/blog\/wp-json\/wp\/v2\/pages\/171\/revisions"}],"predecessor-version":[{"id":172,"href":"https:\/\/editoraviva.art.br\/blog\/wp-json\/wp\/v2\/pages\/171\/revisions\/172"}],"wp:attachment":[{"href":"https:\/\/editoraviva.art.br\/blog\/wp-json\/wp\/v2\/media?parent=171"}],"curies":[{"name":"wp","href":"https:\/\/api.w.org\/{rel}","templated":true}]}}