{"id":386,"date":"2024-01-03T07:37:20","date_gmt":"2024-01-03T10:37:20","guid":{"rendered":"https:\/\/editoraviva.art.br\/blog\/?page_id=386"},"modified":"2024-01-03T08:33:32","modified_gmt":"2024-01-03T11:33:32","slug":"pizza-movel-assistente-digital","status":"publish","type":"page","link":"https:\/\/editoraviva.art.br\/blog\/pizza-movel-assistente-digital\/","title":{"rendered":"Pizza m\u00f3vel assistente digital"},"content":{"rendered":"\n\n\nFUNCIONALIDADES\n\n\n<h4><font color=\"#ffffff\"><span style=\"font-size: 14px; color: rgb(92, 0, 0);\">Seu p\u00fablico tem acesso ao seu menu de servi\u00e7os e produtos on line<\/span><\/font><\/h4>\n<h4><font color=\"#5c0000\"><span style=\"font-size: 14px;\">Voc\u00ea pode usar v\u00e1rias ferramentas como menu digital, fazer pedidos, usar clube de vantagens<\/span><\/font><\/h4>\n<h4><font color=\"#5c0000\"><span style=\"font-size: 14px;\">Gest\u00e3o de pedidos, an\u00e1lise de dados, estat\u00edsticas. Uma verdadeira caixa de ferramentas para ajudar na gest\u00e3o dos seus clientes de alimentos artesanais<\/span><\/font><\/h4>\n\n\n<h4><font color=\"#ffffff\"><span style=\"font-size: 14px; color: rgb(0, 0, 0);\">Um marketplace de servi\u00e7os e produtos de alimenta\u00e7\u00e3o artesanais para um p\u00fablico alvo diferenciado<\/span><\/font><\/h4>\n<h4><font color=\"#000000\"><span style=\"font-size: 14px;\">Voc\u00ea traz suas d\u00favidas e perguntas sobre os seus produtos e o assistente se encarrega de dar as respostas corretas.<\/span><\/font><\/h4>\n\n\nSeus clientes agora podem melhorar muito o seu relacionamento com voc\u00ea. Digitaliza\u00e7\u00e3o dos seus servi\u00e7os de alimenta\u00e7\u00e3o artesanal\n<h4><font color=\"#000000\"><span style=\"font-size: 14px;\">Feito para neg\u00f3cios de alimenta\u00e7\u00e3o m\u00f3veis. Indique sempre a sua localiza\u00e7\u00e3o GPS<\/span><\/font><\/h4>\n\n\n\n\n\n\n\n\n\n\n\n<h1 style=\"text-align: center; \"><span style=\"color: rgb(242, 242, 242);\">para o seu neg\u00f3cio de pizza<\/span><\/h1>\n<h1 style=\"text-align: center;\"><font color=\"#f2f2f2\">Um assistente Digital<\/font><\/h1>\n\n<p style=\"text-align: center; \"><span style=\"color: rgb(242, 242, 242);\">Seu multicanal de relacionamento com os clientes: Menu digital, pedidos, IA da pizza, clube de vantagens.<\/span><\/p>\n\n\n","protected":false},"excerpt":{"rendered":"","protected":false},"author":2,"featured_media":0,"parent":0,"menu_order":0,"comment_status":"closed","ping_status":"closed","template":"","meta":{"_crdt_document":"","pagelayer_contact_templates":[],"_pagelayer_content":"","_uag_custom_page_level_css":"","_monsterinsights_skip_tracking":false,"_monsterinsights_sitenote_active":false,"_monsterinsights_sitenote_note":"","_monsterinsights_sitenote_category":0,"site-sidebar-layout":"default","site-content-layout":"","ast-site-content-layout":"default","site-content-style":"default","site-sidebar-style":"default","ast-global-header-display":"","ast-banner-title-visibility":"","ast-main-header-display":"","ast-hfb-above-header-display":"","ast-hfb-below-header-display":"","ast-hfb-mobile-header-display":"","site-post-title":"","ast-breadcrumbs-content":"","ast-featured-img":"","footer-sml-layout":"","ast-disable-related-posts":"","theme-transparent-header-meta":"","adv-header-id-meta":"","stick-header-meta":"","header-above-stick-meta":"","header-main-stick-meta":"","header-below-stick-meta":"","astra-migrate-meta-layouts":"set","ast-page-background-enabled":"default","ast-page-background-meta":{"desktop":{"background-color":"var(--ast-global-color-4)","background-image":"","background-repeat":"repeat","background-position":"center center","background-size":"auto","background-attachment":"scroll","background-type":"","background-media":"","overlay-type":"","overlay-color":"","overlay-opacity":"","overlay-gradient":""},"tablet":{"background-color":"","background-image":"","background-repeat":"repeat","background-position":"center center","background-size":"auto","background-attachment":"scroll","background-type":"","background-media":"","overlay-type":"","overlay-color":"","overlay-opacity":"","overlay-gradient":""},"mobile":{"background-color":"","background-image":"","background-repeat":"repeat","background-position":"center center","background-size":"auto","background-attachment":"scroll","background-type":"","background-media":"","overlay-type":"","overlay-color":"","overlay-opacity":"","overlay-gradient":""}},"ast-content-background-meta":{"desktop":{"background-color":"var(--ast-global-color-5)","background-image":"","background-repeat":"repeat","background-position":"center center","background-size":"auto","background-attachment":"scroll","background-type":"","background-media":"","overlay-type":"","overlay-color":"","overlay-opacity":"","overlay-gradient":""},"tablet":{"background-color":"var(--ast-global-color-5)","background-image":"","background-repeat":"repeat","background-position":"center center","background-size":"auto","background-attachment":"scroll","background-type":"","background-media":"","overlay-type":"","overlay-color":"","overlay-opacity":"","overlay-gradient":""},"mobile":{"background-color":"var(--ast-global-color-5)","background-image":"","background-repeat":"repeat","background-position":"center center","background-size":"auto","background-attachment":"scroll","background-type":"","background-media":"","overlay-type":"","overlay-color":"","overlay-opacity":"","overlay-gradient":""}},"footnotes":""},"class_list":["post-386","page","type-page","status-publish","hentry"],"featured_image_src":null,"aioseo_notices":[],"uagb_featured_image_src":{"full":false,"thumbnail":false,"medium":false,"medium_large":false,"large":false,"1536x1536":false,"2048x2048":false,"woocommerce_thumbnail":false,"woocommerce_single":false,"woocommerce_gallery_thumbnail":false},"uagb_author_info":{"display_name":"admin","author_link":"https:\/\/editoraviva.art.br\/blog\/author\/admin-2\/"},"uagb_comment_info":0,"uagb_excerpt":null,"jetpack_sharing_enabled":true,"post_mailing_queue_ids":[],"_links":{"self":[{"href":"https:\/\/editoraviva.art.br\/blog\/wp-json\/wp\/v2\/pages\/386","targetHints":{"allow":["GET"]}}],"collection":[{"href":"https:\/\/editoraviva.art.br\/blog\/wp-json\/wp\/v2\/pages"}],"about":[{"href":"https:\/\/editoraviva.art.br\/blog\/wp-json\/wp\/v2\/types\/page"}],"author":[{"embeddable":true,"href":"https:\/\/editoraviva.art.br\/blog\/wp-json\/wp\/v2\/users\/2"}],"replies":[{"embeddable":true,"href":"https:\/\/editoraviva.art.br\/blog\/wp-json\/wp\/v2\/comments?post=386"}],"version-history":[{"count":7,"href":"https:\/\/editoraviva.art.br\/blog\/wp-json\/wp\/v2\/pages\/386\/revisions"}],"predecessor-version":[{"id":401,"href":"https:\/\/editoraviva.art.br\/blog\/wp-json\/wp\/v2\/pages\/386\/revisions\/401"}],"wp:attachment":[{"href":"https:\/\/editoraviva.art.br\/blog\/wp-json\/wp\/v2\/media?parent=386"}],"curies":[{"name":"wp","href":"https:\/\/api.w.org\/{rel}","templated":true}]}}