{"id":855,"date":"2024-05-23T13:58:35","date_gmt":"2024-05-23T16:58:35","guid":{"rendered":"https:\/\/editoraviva.art.br\/blog\/?page_id=855"},"modified":"2024-05-23T17:16:36","modified_gmt":"2024-05-23T20:16:36","slug":"bonus-pizza-cook-tracker","status":"publish","type":"page","link":"https:\/\/editoraviva.art.br\/blog\/bonus-pizza-cook-tracker\/","title":{"rendered":"B\u00f4nus Pizza Cook Tracker"},"content":{"rendered":"\t\t<div data-elementor-type=\"wp-page\" data-elementor-id=\"855\" class=\"elementor elementor-855\">\n\t\t\t\t<div class=\"elementor-element elementor-element-7de50745 e-con-full e-flex e-con e-parent\" data-id=\"7de50745\" data-element_type=\"container\" data-e-type=\"container\" data-settings=\"{&quot;background_background&quot;:&quot;slideshow&quot;,&quot;background_slideshow_gallery&quot;:[{&quot;id&quot;:897,&quot;url&quot;:&quot;https:\\\/\\\/editoraviva.art.br\\\/blog\\\/wp-content\\\/uploads\\\/2024\\\/05\\\/ilustracao-pizza-cook-tracker-3.jpeg&quot;}],&quot;background_slideshow_slide_duration&quot;:5000,&quot;background_slideshow_slide_transition&quot;:&quot;fade&quot;,&quot;background_slideshow_transition_duration&quot;:500}\">\n\t\t<div class=\"elementor-element elementor-element-e13d698 e-flex e-con-boxed e-con e-child\" data-id=\"e13d698\" data-element_type=\"container\" data-e-type=\"container\">\n\t\t\t\t\t<div class=\"e-con-inner\">\n\t\t<div class=\"elementor-element elementor-element-c89466e e-grid e-con-boxed e-con e-child\" data-id=\"c89466e\" data-element_type=\"container\" data-e-type=\"container\">\n\t\t\t\t\t<div class=\"e-con-inner\">\n\t\t\t\t<div class=\"elementor-element elementor-element-9b39d04 elementor-widget elementor-widget-text-editor\" data-id=\"9b39d04\" data-element_type=\"widget\" data-e-type=\"widget\" data-widget_type=\"text-editor.default\">\n\t\t\t\t<div class=\"elementor-widget-container\">\n\t\t\t\t\t\t\t\t\t<p>\u00a0<\/p>\n\n<figure class=\"wp-block-image size-thumbnail\"><img decoding=\"async\" width=\"150\" height=\"150\" class=\"wp-image-858 aligncenter\" src=\"https:\/\/editoraviva.art.br\/blog\/wp-content\/uploads\/2024\/05\/qrcode-para-acesso-ao-pizza-cook-tracker-1-150x150.png\" alt=\"\" srcset=\"https:\/\/editoraviva.art.br\/blog\/wp-content\/uploads\/2024\/05\/qrcode-para-acesso-ao-pizza-cook-tracker-1-150x150.png 150w, https:\/\/editoraviva.art.br\/blog\/wp-content\/uploads\/2024\/05\/qrcode-para-acesso-ao-pizza-cook-tracker-1-300x300.png 300w, https:\/\/editoraviva.art.br\/blog\/wp-content\/uploads\/2024\/05\/qrcode-para-acesso-ao-pizza-cook-tracker-1-768x768.png 768w, https:\/\/editoraviva.art.br\/blog\/wp-content\/uploads\/2024\/05\/qrcode-para-acesso-ao-pizza-cook-tracker-1-600x600.png 600w, https:\/\/editoraviva.art.br\/blog\/wp-content\/uploads\/2024\/05\/qrcode-para-acesso-ao-pizza-cook-tracker-1-100x100.png 100w, https:\/\/editoraviva.art.br\/blog\/wp-content\/uploads\/2024\/05\/qrcode-para-acesso-ao-pizza-cook-tracker-1.png 1014w\" sizes=\"(max-width: 150px) 100vw, 150px\" \/><\/figure>\n\n<p class=\"wp-block-paragraph\" style=\"text-align: center;\"><strong>Para acesso ao Pizza Cook Tracker escaneia o QRCODE acima.<\/strong><\/p>\n<p><strong><\/strong><\/p>\n<p class=\"wp-block-paragraph\" style=\"text-align: center;\"><strong>Voc\u00ea que nos deu a honra de adquirir nosso livro acaba de ganhar um b\u00f4nus que \u00e9 o acesso ao nosso Sistema Pizza Cook Tracker.<\/strong><\/p>\n<p><strong><\/strong><\/p>\n<p class=\"wp-block-paragraph\" style=\"text-align: center;\"><strong>Veja o QRCODE ABAIXO para ganhar acesso ao nosso sistema de gest\u00e3o de pizzas, massas e farinhas.<\/strong><\/p>\n<p><strong><\/strong><\/p>\n<p class=\"wp-block-paragraph\" style=\"text-align: center;\"><strong>Voc\u00ea vai usar um template do notion e deve realizar a fun\u00e7\u00e3o de duplicate para ter acesso livre ao sistema e come\u00e7ar a alimentar o sistema com suas informa\u00e7\u00f5es.<\/strong><\/p>\n\t\t\t\t\t\t\t\t<\/div>\n\t\t\t\t<\/div>\n\t\t\t\t\t<\/div>\n\t\t\t\t<\/div>\n\t\t\t\t\t<\/div>\n\t\t\t\t<\/div>\n\t\t\t\t<\/div>\n\t\t\t\t<\/div>\n\t\t","protected":false},"excerpt":{"rendered":"<p>\u00a0 Para acesso ao Pizza Cook Tracker escaneia o QRCODE acima. Voc\u00ea que nos deu a honra de adquirir nosso livro acaba de ganhar um b\u00f4nus que \u00e9 o acesso ao nosso Sistema Pizza Cook Tracker. Veja o QRCODE ABAIXO para ganhar acesso ao nosso sistema de gest\u00e3o de pizzas, massas e farinhas. Voc\u00ea vai [&hellip;]<\/p>\n","protected":false},"author":2,"featured_media":856,"parent":0,"menu_order":0,"comment_status":"closed","ping_status":"closed","template":"","meta":{"_crdt_document":"","pagelayer_contact_templates":[],"_pagelayer_content":"","_uag_custom_page_level_css":"","_monsterinsights_skip_tracking":false,"_monsterinsights_sitenote_active":false,"_monsterinsights_sitenote_note":"","_monsterinsights_sitenote_category":0,"site-sidebar-layout":"default","site-content-layout":"","ast-site-content-layout":"default","site-content-style":"default","site-sidebar-style":"default","ast-global-header-display":"","ast-banner-title-visibility":"","ast-main-header-display":"","ast-hfb-above-header-display":"","ast-hfb-below-header-display":"","ast-hfb-mobile-header-display":"","site-post-title":"","ast-breadcrumbs-content":"","ast-featured-img":"","footer-sml-layout":"","ast-disable-related-posts":"","theme-transparent-header-meta":"","adv-header-id-meta":"","stick-header-meta":"","header-above-stick-meta":"","header-main-stick-meta":"","header-below-stick-meta":"","astra-migrate-meta-layouts":"set","ast-page-background-enabled":"default","ast-page-background-meta":{"desktop":{"background-color":"var(--ast-global-color-4)","background-image":"","background-repeat":"repeat","background-position":"center center","background-size":"auto","background-attachment":"scroll","background-type":"","background-media":"","overlay-type":"","overlay-color":"","overlay-opacity":"","overlay-gradient":""},"tablet":{"background-color":"","background-image":"","background-repeat":"repeat","background-position":"center center","background-size":"auto","background-attachment":"scroll","background-type":"","background-media":"","overlay-type":"","overlay-color":"","overlay-opacity":"","overlay-gradient":""},"mobile":{"background-color":"","background-image":"","background-repeat":"repeat","background-position":"center center","background-size":"auto","background-attachment":"scroll","background-type":"","background-media":"","overlay-type":"","overlay-color":"","overlay-opacity":"","overlay-gradient":""}},"ast-content-background-meta":{"desktop":{"background-color":"var(--ast-global-color-5)","background-image":"","background-repeat":"repeat","background-position":"center center","background-size":"auto","background-attachment":"scroll","background-type":"","background-media":"","overlay-type":"","overlay-color":"","overlay-opacity":"","overlay-gradient":""},"tablet":{"background-color":"var(--ast-global-color-5)","background-image":"","background-repeat":"repeat","background-position":"center center","background-size":"auto","background-attachment":"scroll","background-type":"","background-media":"","overlay-type":"","overlay-color":"","overlay-opacity":"","overlay-gradient":""},"mobile":{"background-color":"var(--ast-global-color-5)","background-image":"","background-repeat":"repeat","background-position":"center center","background-size":"auto","background-attachment":"scroll","background-type":"","background-media":"","overlay-type":"","overlay-color":"","overlay-opacity":"","overlay-gradient":""}},"footnotes":""},"class_list":["post-855","page","type-page","status-publish","has-post-thumbnail","hentry"],"featured_image_src":"https:\/\/editoraviva.art.br\/blog\/wp-content\/uploads\/2024\/05\/qrcode-para-acesso-ao-pizza-cook-tracker.png","aioseo_notices":[],"uagb_featured_image_src":{"full":["https:\/\/editoraviva.art.br\/blog\/wp-content\/uploads\/2024\/05\/qrcode-para-acesso-ao-pizza-cook-tracker.png",1014,1014,false],"thumbnail":["https:\/\/editoraviva.art.br\/blog\/wp-content\/uploads\/2024\/05\/qrcode-para-acesso-ao-pizza-cook-tracker-150x150.png",150,150,true],"medium":["https:\/\/editoraviva.art.br\/blog\/wp-content\/uploads\/2024\/05\/qrcode-para-acesso-ao-pizza-cook-tracker-300x300.png",300,300,true],"medium_large":["https:\/\/editoraviva.art.br\/blog\/wp-content\/uploads\/2024\/05\/qrcode-para-acesso-ao-pizza-cook-tracker-768x768.png",768,768,true],"large":["https:\/\/editoraviva.art.br\/blog\/wp-content\/uploads\/2024\/05\/qrcode-para-acesso-ao-pizza-cook-tracker.png",1014,1014,false],"1536x1536":["https:\/\/editoraviva.art.br\/blog\/wp-content\/uploads\/2024\/05\/qrcode-para-acesso-ao-pizza-cook-tracker.png",1014,1014,false],"2048x2048":["https:\/\/editoraviva.art.br\/blog\/wp-content\/uploads\/2024\/05\/qrcode-para-acesso-ao-pizza-cook-tracker.png",1014,1014,false],"woocommerce_thumbnail":["https:\/\/editoraviva.art.br\/blog\/wp-content\/uploads\/2024\/05\/qrcode-para-acesso-ao-pizza-cook-tracker-300x300.png",300,300,true],"woocommerce_single":["https:\/\/editoraviva.art.br\/blog\/wp-content\/uploads\/2024\/05\/qrcode-para-acesso-ao-pizza-cook-tracker-600x600.png",600,600,true],"woocommerce_gallery_thumbnail":["https:\/\/editoraviva.art.br\/blog\/wp-content\/uploads\/2024\/05\/qrcode-para-acesso-ao-pizza-cook-tracker-100x100.png",100,100,true]},"uagb_author_info":{"display_name":"admin","author_link":"https:\/\/editoraviva.art.br\/blog\/author\/admin-2\/"},"uagb_comment_info":0,"uagb_excerpt":"\u00a0 Para acesso ao Pizza Cook Tracker escaneia o QRCODE acima. Voc\u00ea que nos deu a honra de adquirir nosso livro acaba de ganhar um b\u00f4nus que \u00e9 o acesso ao nosso Sistema Pizza Cook Tracker. Veja o QRCODE ABAIXO para ganhar acesso ao nosso sistema de gest\u00e3o de pizzas, massas e farinhas. Voc\u00ea vai&hellip;","jetpack_sharing_enabled":true,"post_mailing_queue_ids":[],"_links":{"self":[{"href":"https:\/\/editoraviva.art.br\/blog\/wp-json\/wp\/v2\/pages\/855","targetHints":{"allow":["GET"]}}],"collection":[{"href":"https:\/\/editoraviva.art.br\/blog\/wp-json\/wp\/v2\/pages"}],"about":[{"href":"https:\/\/editoraviva.art.br\/blog\/wp-json\/wp\/v2\/types\/page"}],"author":[{"embeddable":true,"href":"https:\/\/editoraviva.art.br\/blog\/wp-json\/wp\/v2\/users\/2"}],"replies":[{"embeddable":true,"href":"https:\/\/editoraviva.art.br\/blog\/wp-json\/wp\/v2\/comments?post=855"}],"version-history":[{"count":8,"href":"https:\/\/editoraviva.art.br\/blog\/wp-json\/wp\/v2\/pages\/855\/revisions"}],"predecessor-version":[{"id":917,"href":"https:\/\/editoraviva.art.br\/blog\/wp-json\/wp\/v2\/pages\/855\/revisions\/917"}],"wp:featuredmedia":[{"embeddable":true,"href":"https:\/\/editoraviva.art.br\/blog\/wp-json\/wp\/v2\/media\/856"}],"wp:attachment":[{"href":"https:\/\/editoraviva.art.br\/blog\/wp-json\/wp\/v2\/media?parent=855"}],"curies":[{"name":"wp","href":"https:\/\/api.w.org\/{rel}","templated":true}]}}