{"id":87,"date":"2023-01-15T00:05:46","date_gmt":"2023-01-15T03:05:46","guid":{"rendered":"https:\/\/editoraviva.art.br\/blog\/?page_id=87"},"modified":"2024-01-09T12:21:40","modified_gmt":"2024-01-09T15:21:40","slug":"inicio","status":"publish","type":"page","link":"https:\/\/editoraviva.art.br\/blog\/","title":{"rendered":"In\u00edcio"},"content":{"rendered":"\n\n\n\n\n\n<h2 style=\"color: rgb(255, 255, 255);\">Pizza m\u00f3vel<\/h2>\n\n\n\n\n<h2><span style=\"color:#ffffff;\">S<\/span><span style=\"color:#ffffff;\">ua franquia de pizza artesanal<\/span><\/h2>\n\n\n\n\n\n\n\n<h2>Modelos de neg\u00f3cios<\/h2>\n\n\n\n\nInvestimento: zero<p><br><\/p><p>Taxa de franquia: R$ 3.000,00<\/p><p><\/p><p>Royaties: 3%<\/p><p>Fundo de propaganda: 2%<\/p><p>Faturamento: R$ 1.000,00<\/p><p>Payback: 12 meses<\/p><p>+<\/p><p>Forno dom\u00e9stico<\/p><p>Recebe pizzas congeladas,&nbsp;<span style=\"font-style: inherit; font-weight: inherit; background-color: var(--ast-global-color-5); color: var(--ast-global-color-3);\">Gerencia sua&nbsp;&nbsp;<\/span><span style=\"font-style: inherit; font-weight: inherit; color: var(--ast-global-color-3); background-color: var(--ast-global-color-5);\">Rede de pontos de vendas,&nbsp;<\/span><span style=\"font-style: inherit; font-weight: inherit; background-color: var(--ast-global-color-5); color: var(--ast-global-color-3);\">condom\u00ednios moradores<\/span><\/p><p style=\"font-size: 16px;\"><br><\/p><p><\/p><p>Casa<\/p><p><br><\/p><p>Bicicleta, meios pr\u00f3prios<\/p><p><br><\/p>\n\n\nInvestimento: R$ 10.000,00<p><br><\/p><p>Taxa de franquia: R$ 3.000,00<\/p><p><\/p><p>Royaties: 3%<\/p><p>Fundo de propaganda: 2%<\/p><p>Faturamento: R$ 3.000,00<\/p><p>Payback: 24 meses<\/p><p>+<\/p><p>Forno simples a g\u00e1s, el\u00e9trico<\/p><span style=\"background-color: var(--ast-global-color-5); color: var(--ast-global-color-3); font-size: 1rem;\">Recebe pizzas congelada, prepara pizzas,&nbsp;<\/span>Gerencia sua&nbsp;&nbsp;<span style=\"color: var(--ast-global-color-3); font-style: inherit; font-weight: inherit; background-color: var(--ast-global-color-5);\">Rede de pontos de vendas<\/span><p><span style=\"background-color: var(--ast-global-color-5); color: var(--ast-global-color-3); font-size: 1rem;\"><br><\/span><\/p><p><span style=\"background-color: var(--ast-global-color-5); color: var(--ast-global-color-3); font-size: 1rem;\">Casa e externo, buffet, eventos<\/span><\/p><p>Carro pr\u00f3prio<\/p>\n\n\nInvestimento: R$ 30.000,00<p><span style=\"font-style: inherit; font-weight: inherit; background-color: var(--ast-global-color-5); color: var(--ast-global-color-3);\"><br><\/span><\/p><p><span style=\"font-style: inherit; font-weight: inherit; background-color: var(--ast-global-color-5); color: var(--ast-global-color-3);\">Taxa de franquia: R$ 10.000,00<\/span><br><\/p><p><\/p><p>Royaties: 3%<\/p><p>Fundo de propaganda: 2%<\/p><p>Faturamento: R$ 5.000,00<\/p><p>Payback: 36 meses<\/p><p>+<\/p><p>Forno a lenha h\u00eddrido<\/p><p><\/p><span style=\"color: var(--ast-global-color-3); font-size: 1rem; background-color: var(--ast-global-color-5);\">Recebe pizzas congelada, prepara pizzas, prepara massas, fornecedor para a rede,&nbsp;<\/span>Gerencia sua&nbsp;&nbsp;<span style=\"color: var(--ast-global-color-3); font-style: inherit; font-weight: inherit; background-color: var(--ast-global-color-5);\">Rede de pontos de vendas<\/span><p><span style=\"color: var(--ast-global-color-3); font-size: 1rem; background-color: var(--ast-global-color-5);\"><br><\/span><\/p><p><span style=\"color: var(--ast-global-color-3); font-size: 1rem; background-color: var(--ast-global-color-5);\">Casa e externo, buffet, eventos, delivery, condom\u00ednios moradores<\/span><\/p><p>Carretinha<\/p>\n\n\n\n\n<h2>Nossos diferenciais de neg\u00f3cio de pizza artesanal<\/h2>\n\n\n\n\n<div>Se voc\u00ea apenas quer fazer pizzas artesanais em casa para fam\u00edlia, quer fazer pizzas em eventos,&nbsp; criar um neg\u00f3cio do zero, crescer com o amadurecimento do seu investimento, essa \u00e9 a \u00fanica franquia que te permite um neg\u00f3cio de pizza do lar artesanal ao grande neg\u00f3cio.<\/div><div><br><\/div>\n<p>Antecipamos para voc\u00ea as tend\u00eancias do mercado de alimentos fora do lar ou fora no lar, alimenta\u00e7\u00e3o saud\u00e1vel, valoriza\u00e7\u00e3o do local, regional e artesanal. Buscamos rela\u00e7\u00f5es que para melhorar a sa\u00fade e alimenta\u00e7\u00e3o das pessoas. Ingredientes mais qualificados para receitas mais elaboradas ou com melhor custo e benef\u00edcio, Pegar e levar, delivery, congelamento e conserva\u00e7\u00e3o, otimiza\u00e7\u00e3o de produ\u00e7\u00e3o com melhor custo benef\u00edcio, novas tend\u00eancias de alimenta\u00e7\u00e3o em eventos, festas, feiras, buffets s\u00e3o os servi\u00e7os diferenciados do nosso m\u00e9todo pizza m\u00f3vel.<\/p><p><br><\/p>\n\n\n<div>Seu neg\u00f3cio de pizza com ferramentas e tecnologias \u00fanicas e que s\u00f3 n\u00f3s temos, desde o acendedor ecol\u00f3gico do forno a lenha, dos aplicativos e solu\u00e7\u00f5es de digitaliza\u00e7\u00e3o (Pizza Cook Tracker e assistente digital para empreendedores em alimenta\u00e7\u00e3o artesanal,comunidade de empreendedores artesanais do&nbsp; m\u00e9todo pizza m\u00f3vel). Pesquisamos equipamentos desde os fornos a lenha ou g\u00e1s, avaliamos os melhores utens\u00edlios para a sua pr\u00e1tica do fogo e lenha com pizzas. Andiron, separador de forno e lastro desenvolvidos em nossa franquia.<\/div><div><br><\/div>\n<p>Na origem do seu lar e fam\u00edlia, cozinhando para amigos, para neg\u00f3cios com clientes, somos focados em buscar os melhores relacionamentos com clientes e fornecedores. Clube de vantagens com fideliza\u00e7\u00e3o, promo\u00e7\u00f5es e o cashback fazem parte do neg\u00f3cio desde o primeiro dia de contato da rede de fornecedores e dos clientes e amigos.<\/p><p><br><\/p>\n\n\nValorizamos a cultura da pizza artesanal estilo napoletana, fogo com lenha, altas temperaturas, farinhas importadas e selecionadas, longa fermenta\u00e7\u00e3o e matura\u00e7\u00e3o. Suas origens na It\u00e1lia e sua adapta\u00e7\u00e3o a cultura do Brasil.\nN\u00e3o temos n\u00fameros e estat\u00edsticas para te oferecer antes de conhecer seu local de moradia e trabalho, sua regi\u00e3o e quais servi\u00e7os ir\u00e1 implementar. Acompanhamos e treinamos voc\u00ea em nossa metodologia do pizza m\u00f3vel para voc\u00ea obter os melhores resultados. Oferecemos um modelo de franquia para voc\u00ea operar o pizza m\u00f3vel na sua casa, cond\u00f3minio ou cidade.\n\n\n\n\nPizzas artesanais\n\n<p style=\"text-align: center; \"><font color=\"#f2f2f2\">Pizza para nossas fam\u00edlias<\/font><\/p>\n\n\n\n\n\n\n\n\n\n\n\n\n\n\n\n\n\n\n\n\n\n\n\n<h2>Ferramentas digitais para o seu neg\u00f3cio exclusivas<\/h2>\n\n\n\n\nO pizza m\u00f3vel tamb\u00e9m \u00e9 um assistente digital multicanal para melhorar o relacionamento entre os clientes e os servi\u00e7os de alimenta\u00e7\u00e3o artesanal como o nosso neg\u00f3cio da pizza.&nbsp;<div>\u00c9 mais uma ferramenta dispon\u00edvel para o empreendedor de alimenta\u00e7\u00e3o artesanal<\/div>\n\n\n\n\n\n\n\n\n\n\n\n\n\n\n\n\n\n\n\n\n\n\nUm sistema \u00fanico de registro das suas  melhores pizzas ?  Nosso Pizza Cook Tracker para gest\u00e3o de pizzas artesanais.\n\n\n\n\n\n\n\n\n\n\n\n\n\n\n\n\n<span style=\"color:#ffffff;\">&#8220;As pizzas s\u00e3o \u00f3timas, gostei muito da massa bem leve.<\/span><span style=\"color:#ffffff;\">&#8220;<\/span>\n<span style=\"color:#ffffff;\">&#8220;Gostei muito da pizza e da informa\u00e7\u00e3o que s\u00e3o massas com melhor toler\u00e2ncia no est\u00f4mago.&#8221;<\/span>\n<span style=\"color:#ffffff;\">&#8220;Pizza maravilhosa, muito saborosa, massa caseira, artesanal com produtos de primeira! Recomendo a todos.&#8221;<\/span>\n\n\n\n\n<h2>Veja os benef\u00edcios diretos de iniciar sua franquia de pizza conosco<\/h2>\n\n\n\n\nVoc\u00ea ter\u00e1 acesso a nossa rede de parceiros com facilidades e promo\u00e7\u00f5es com fornecedores de insumos e equipamentos (farinhas importadas, fornos de pizza), acesso a comunidade dos pizzas m\u00f3veis, Treinamento corporativo online de m\u00e9todos e processos.\nAndiron para forno, separador de lastro e lenha personalizado com a sua mensagem.\n\n\nKit acendedor ecol\u00f3gico de forno a lenha, licen\u00e7a de uso do Pizza Food Tracker (gest\u00e3o de massas, receitas e controle da sua produ\u00e7\u00e3o, fichas nutricionais, fichas t\u00e9cnicas, c\u00f3digo de barras para servi\u00e7os e produtos, rotulos para produtos congelados), licen\u00e7a de uso de assistente digital para alimenta\u00e7\u00e3o artesanal (clube de vantagens, menu digital, pedidos e relacionamento digital, Intelig\u00eancia artificial, Info, GPS, hor\u00e1rios de funcionamento).\nA \u00fanica franquia de neg\u00f3cio de pizza que compreende o hobista ou pizza no lar para amigos e fam\u00edlia e neg\u00f3cios de pizza sustent\u00e1veis com redu\u00e7\u00e3o dos. valores iniciais de investimento que cabem no tamanho do bolso de qualquer pessoa. \u00c9 s\u00f3 conversar conosco.\n\n\n\n\n\n\n\n\n\n\n\n\n\n\n\n<h2>Ache aqui uma pizza m\u00f3vel perto de voc\u00ea<\/h2>\n\n\n\n\n<iframe referrerpolicy=\"no-referrer-when-downgrade\" height=\"600px\" width=\"100%\" style=\"border:none;\" src=\"https:\/\/view-awesome-table.com\/-Nni_WMT02aDcCifVbWD\/view\"><\/iframe>\n\n\n","protected":false},"excerpt":{"rendered":"","protected":false},"author":2,"featured_media":0,"parent":0,"menu_order":0,"comment_status":"closed","ping_status":"closed","template":"","meta":{"_crdt_document":"","pagelayer_contact_templates":[],"_pagelayer_content":"","_uag_custom_page_level_css":"","_monsterinsights_skip_tracking":false,"_monsterinsights_sitenote_active":false,"_monsterinsights_sitenote_note":"","_monsterinsights_sitenote_category":0,"site-sidebar-layout":"default","site-content-layout":"page-builder","ast-site-content-layout":"default","site-content-style":"default","site-sidebar-style":"default","ast-global-header-display":"","ast-banner-title-visibility":"","ast-main-header-display":"","ast-hfb-above-header-display":"","ast-hfb-below-header-display":"","ast-hfb-mobile-header-display":"","site-post-title":"disabled","ast-breadcrumbs-content":"disabled","ast-featured-img":"","footer-sml-layout":"","ast-disable-related-posts":"","theme-transparent-header-meta":"default","adv-header-id-meta":"","stick-header-meta":"","header-above-stick-meta":"","header-main-stick-meta":"","header-below-stick-meta":"","astra-migrate-meta-layouts":"default","ast-page-background-enabled":"default","ast-page-background-meta":{"desktop":{"background-color":"var(--ast-global-color-4)","background-image":"","background-repeat":"repeat","background-position":"center center","background-size":"auto","background-attachment":"scroll","background-type":"","background-media":"","overlay-type":"","overlay-color":"","overlay-opacity":"","overlay-gradient":""},"tablet":{"background-color":"","background-image":"","background-repeat":"repeat","background-position":"center center","background-size":"auto","background-attachment":"scroll","background-type":"","background-media":"","overlay-type":"","overlay-color":"","overlay-opacity":"","overlay-gradient":""},"mobile":{"background-color":"","background-image":"","background-repeat":"repeat","background-position":"center center","background-size":"auto","background-attachment":"scroll","background-type":"","background-media":"","overlay-type":"","overlay-color":"","overlay-opacity":"","overlay-gradient":""}},"ast-content-background-meta":{"desktop":{"background-color":"var(--ast-global-color-5)","background-image":"","background-repeat":"repeat","background-position":"center center","background-size":"auto","background-attachment":"scroll","background-type":"","background-media":"","overlay-type":"","overlay-color":"","overlay-opacity":"","overlay-gradient":""},"tablet":{"background-color":"var(--ast-global-color-5)","background-image":"","background-repeat":"repeat","background-position":"center center","background-size":"auto","background-attachment":"scroll","background-type":"","background-media":"","overlay-type":"","overlay-color":"","overlay-opacity":"","overlay-gradient":""},"mobile":{"background-color":"var(--ast-global-color-5)","background-image":"","background-repeat":"repeat","background-position":"center center","background-size":"auto","background-attachment":"scroll","background-type":"","background-media":"","overlay-type":"","overlay-color":"","overlay-opacity":"","overlay-gradient":""}},"footnotes":""},"class_list":["post-87","page","type-page","status-publish","hentry"],"featured_image_src":null,"aioseo_notices":[],"uagb_featured_image_src":{"full":false,"thumbnail":false,"medium":false,"medium_large":false,"large":false,"1536x1536":false,"2048x2048":false,"woocommerce_thumbnail":false,"woocommerce_single":false,"woocommerce_gallery_thumbnail":false},"uagb_author_info":{"display_name":"admin","author_link":"https:\/\/editoraviva.art.br\/blog\/author\/admin-2\/"},"uagb_comment_info":0,"uagb_excerpt":null,"jetpack_sharing_enabled":true,"post_mailing_queue_ids":[],"_links":{"self":[{"href":"https:\/\/editoraviva.art.br\/blog\/wp-json\/wp\/v2\/pages\/87","targetHints":{"allow":["GET"]}}],"collection":[{"href":"https:\/\/editoraviva.art.br\/blog\/wp-json\/wp\/v2\/pages"}],"about":[{"href":"https:\/\/editoraviva.art.br\/blog\/wp-json\/wp\/v2\/types\/page"}],"author":[{"embeddable":true,"href":"https:\/\/editoraviva.art.br\/blog\/wp-json\/wp\/v2\/users\/2"}],"replies":[{"embeddable":true,"href":"https:\/\/editoraviva.art.br\/blog\/wp-json\/wp\/v2\/comments?post=87"}],"version-history":[{"count":71,"href":"https:\/\/editoraviva.art.br\/blog\/wp-json\/wp\/v2\/pages\/87\/revisions"}],"predecessor-version":[{"id":468,"href":"https:\/\/editoraviva.art.br\/blog\/wp-json\/wp\/v2\/pages\/87\/revisions\/468"}],"wp:attachment":[{"href":"https:\/\/editoraviva.art.br\/blog\/wp-json\/wp\/v2\/media?parent=87"}],"curies":[{"name":"wp","href":"https:\/\/api.w.org\/{rel}","templated":true}]}}