{"id":1040,"date":"2024-06-03T11:44:30","date_gmt":"2024-06-03T14:44:30","guid":{"rendered":"https:\/\/editoraviva.art.br\/blog\/?post_type=product&#038;p=1040"},"modified":"2024-06-03T11:44:30","modified_gmt":"2024-06-03T14:44:30","slug":"estampa-ilustracao-livro-anatomia-da-pizza","status":"publish","type":"product","link":"https:\/\/editoraviva.art.br\/blog\/produto\/estampa-ilustracao-livro-anatomia-da-pizza\/","title":{"rendered":"estampa ilustra\u00e7\u00e3o livro anatomia da pizza"},"content":{"rendered":"<p>Essa \u00e9 uma ilustra\u00e7\u00e3o do nosso livro sobre anatomia de uma pizza, que \u00e9 constituida da base massa de farinha de trigo, depois os molhos principais e depois as coberturas e as ervas e ingredientes de finaliza\u00e7\u00e3o.<\/p>\n<p>&nbsp;<\/p>\n","protected":false},"excerpt":{"rendered":"<p>Essa \u00e9 uma ilustra\u00e7\u00e3o do nosso livro sobre anatomia de uma pizza, que \u00e9 constituida da base massa de farinha de trigo, depois os molhos principais e depois as coberturas e as ervas e ingredientes de finaliza\u00e7\u00e3o. &nbsp;<\/p>\n","protected":false},"featured_media":1041,"comment_status":"open","ping_status":"closed","template":"","meta":{"_crdt_document":"","pagelayer_contact_templates":[],"_pagelayer_content":"","_uag_custom_page_level_css":"","_monsterinsights_skip_tracking":false,"_monsterinsights_sitenote_active":false,"_monsterinsights_sitenote_note":"","_monsterinsights_sitenote_category":0,"site-sidebar-layout":"default","site-content-layout":"","ast-site-content-layout":"default","site-content-style":"default","site-sidebar-style":"default","ast-global-header-display":"","ast-banner-title-visibility":"","ast-main-header-display":"","ast-hfb-above-header-display":"","ast-hfb-below-header-display":"","ast-hfb-mobile-header-display":"","site-post-title":"","ast-breadcrumbs-content":"","ast-featured-img":"","footer-sml-layout":"","ast-disable-related-posts":"","theme-transparent-header-meta":"default","adv-header-id-meta":"","stick-header-meta":"","header-above-stick-meta":"","header-main-stick-meta":"","header-below-stick-meta":"","astra-migrate-meta-layouts":"set","ast-page-background-enabled":"default","ast-page-background-meta":{"desktop":{"background-color":"var(--ast-global-color-4)","background-image":"","background-repeat":"repeat","background-position":"center center","background-size":"auto","background-attachment":"scroll","background-type":"","background-media":"","overlay-type":"","overlay-color":"","overlay-opacity":"","overlay-gradient":""},"tablet":{"background-color":"","background-image":"","background-repeat":"repeat","background-position":"center center","background-size":"auto","background-attachment":"scroll","background-type":"","background-media":"","overlay-type":"","overlay-color":"","overlay-opacity":"","overlay-gradient":""},"mobile":{"background-color":"","background-image":"","background-repeat":"repeat","background-position":"center center","background-size":"auto","background-attachment":"scroll","background-type":"","background-media":"","overlay-type":"","overlay-color":"","overlay-opacity":"","overlay-gradient":""}},"ast-content-background-meta":{"desktop":{"background-color":"var(--ast-global-color-5)","background-image":"","background-repeat":"repeat","background-position":"center center","background-size":"auto","background-attachment":"scroll","background-type":"","background-media":"","overlay-type":"","overlay-color":"","overlay-opacity":"","overlay-gradient":""},"tablet":{"background-color":"var(--ast-global-color-5)","background-image":"","background-repeat":"repeat","background-position":"center center","background-size":"auto","background-attachment":"scroll","background-type":"","background-media":"","overlay-type":"","overlay-color":"","overlay-opacity":"","overlay-gradient":""},"mobile":{"background-color":"var(--ast-global-color-5)","background-image":"","background-repeat":"repeat","background-position":"center center","background-size":"auto","background-attachment":"scroll","background-type":"","background-media":"","overlay-type":"","overlay-color":"","overlay-opacity":"","overlay-gradient":""}}},"product_brand":[],"product_cat":[79],"product_tag":[],"class_list":{"0":"post-1040","1":"product","2":"type-product","3":"status-publish","4":"has-post-thumbnail","6":"product_cat-estamparia","7":"desktop-align-left","8":"tablet-align-left","9":"mobile-align-left","11":"first","12":"instock","13":"sale","14":"downloadable","15":"shipping-taxable","16":"purchasable","17":"product-type-simple"},"aioseo_notices":[],"uagb_featured_image_src":{"full":["https:\/\/editoraviva.art.br\/blog\/wp-content\/uploads\/2024\/06\/a-stunning-3d-render-illustration-of-a-mouthwateri-7p_vLMDlTV-ELvmMHAnEHQ-b23VdGpFSgmHN_UsfdgnOA.jpeg",1024,1024,false],"thumbnail":["https:\/\/editoraviva.art.br\/blog\/wp-content\/uploads\/2024\/06\/a-stunning-3d-render-illustration-of-a-mouthwateri-7p_vLMDlTV-ELvmMHAnEHQ-b23VdGpFSgmHN_UsfdgnOA-150x150.jpeg",150,150,true],"medium":["https:\/\/editoraviva.art.br\/blog\/wp-content\/uploads\/2024\/06\/a-stunning-3d-render-illustration-of-a-mouthwateri-7p_vLMDlTV-ELvmMHAnEHQ-b23VdGpFSgmHN_UsfdgnOA-300x300.jpeg",300,300,true],"medium_large":["https:\/\/editoraviva.art.br\/blog\/wp-content\/uploads\/2024\/06\/a-stunning-3d-render-illustration-of-a-mouthwateri-7p_vLMDlTV-ELvmMHAnEHQ-b23VdGpFSgmHN_UsfdgnOA-768x768.jpeg",768,768,true],"large":["https:\/\/editoraviva.art.br\/blog\/wp-content\/uploads\/2024\/06\/a-stunning-3d-render-illustration-of-a-mouthwateri-7p_vLMDlTV-ELvmMHAnEHQ-b23VdGpFSgmHN_UsfdgnOA.jpeg",1024,1024,false],"1536x1536":["https:\/\/editoraviva.art.br\/blog\/wp-content\/uploads\/2024\/06\/a-stunning-3d-render-illustration-of-a-mouthwateri-7p_vLMDlTV-ELvmMHAnEHQ-b23VdGpFSgmHN_UsfdgnOA.jpeg",1024,1024,false],"2048x2048":["https:\/\/editoraviva.art.br\/blog\/wp-content\/uploads\/2024\/06\/a-stunning-3d-render-illustration-of-a-mouthwateri-7p_vLMDlTV-ELvmMHAnEHQ-b23VdGpFSgmHN_UsfdgnOA.jpeg",1024,1024,false],"woocommerce_thumbnail":["https:\/\/editoraviva.art.br\/blog\/wp-content\/uploads\/2024\/06\/a-stunning-3d-render-illustration-of-a-mouthwateri-7p_vLMDlTV-ELvmMHAnEHQ-b23VdGpFSgmHN_UsfdgnOA-300x300.jpeg",300,300,true],"woocommerce_single":["https:\/\/editoraviva.art.br\/blog\/wp-content\/uploads\/2024\/06\/a-stunning-3d-render-illustration-of-a-mouthwateri-7p_vLMDlTV-ELvmMHAnEHQ-b23VdGpFSgmHN_UsfdgnOA-600x600.jpeg",600,600,true],"woocommerce_gallery_thumbnail":["https:\/\/editoraviva.art.br\/blog\/wp-content\/uploads\/2024\/06\/a-stunning-3d-render-illustration-of-a-mouthwateri-7p_vLMDlTV-ELvmMHAnEHQ-b23VdGpFSgmHN_UsfdgnOA-100x100.jpeg",100,100,true]},"uagb_author_info":{"display_name":"admin","author_link":"https:\/\/editoraviva.art.br\/blog\/author\/"},"uagb_comment_info":0,"uagb_excerpt":"Essa \u00e9 uma ilustra\u00e7\u00e3o do nosso livro sobre anatomia de uma pizza, que \u00e9 constituida da base massa de farinha de trigo, depois os molhos principais e depois as coberturas e as ervas e ingredientes de finaliza\u00e7\u00e3o. &nbsp;","jetpack_sharing_enabled":true,"post_mailing_queue_ids":[],"_links":{"self":[{"href":"https:\/\/editoraviva.art.br\/blog\/wp-json\/wp\/v2\/product\/1040","targetHints":{"allow":["GET"]}}],"collection":[{"href":"https:\/\/editoraviva.art.br\/blog\/wp-json\/wp\/v2\/product"}],"about":[{"href":"https:\/\/editoraviva.art.br\/blog\/wp-json\/wp\/v2\/types\/product"}],"replies":[{"embeddable":true,"href":"https:\/\/editoraviva.art.br\/blog\/wp-json\/wp\/v2\/comments?post=1040"}],"wp:featuredmedia":[{"embeddable":true,"href":"https:\/\/editoraviva.art.br\/blog\/wp-json\/wp\/v2\/media\/1041"}],"wp:attachment":[{"href":"https:\/\/editoraviva.art.br\/blog\/wp-json\/wp\/v2\/media?parent=1040"}],"wp:term":[{"taxonomy":"product_brand","embeddable":true,"href":"https:\/\/editoraviva.art.br\/blog\/wp-json\/wp\/v2\/product_brand?post=1040"},{"taxonomy":"product_cat","embeddable":true,"href":"https:\/\/editoraviva.art.br\/blog\/wp-json\/wp\/v2\/product_cat?post=1040"},{"taxonomy":"product_tag","embeddable":true,"href":"https:\/\/editoraviva.art.br\/blog\/wp-json\/wp\/v2\/product_tag?post=1040"}],"curies":[{"name":"wp","href":"https:\/\/api.w.org\/{rel}","templated":true}]}}