{"id":1632,"date":"2025-07-24T19:39:27","date_gmt":"2025-07-24T22:39:27","guid":{"rendered":"https:\/\/editoraviva.art.br\/blog\/?post_type=product&#038;p=1632"},"modified":"2025-07-26T18:34:21","modified_gmt":"2025-07-26T21:34:21","slug":"livro-feito-pelo-fogopizza-artesanal","status":"publish","type":"product","link":"https:\/\/editoraviva.art.br\/blog\/produto\/livro-feito-pelo-fogopizza-artesanal\/","title":{"rendered":"Livro Feito pelo fogo:Pizza artesanal"},"content":{"rendered":"<p>Livro feito pelo fogo:pizza artesanal<\/p>\n<p>t\u00e9cnicas para assar pizzas em casa.<\/p>\n<p>Assamento em forno, preparo de massa de pizza e muitas outras dicas.<\/p>\n<p data-start=\"184\" data-end=\"490\">\ud83d\udd25 <strong data-start=\"187\" data-end=\"223\">Feito pelo Fogo: Pizza Artesanal<\/strong> \u00e9 um convite para redescobrir a arte ancestral de fazer pizza com alma, sabor e respeito ao tempo. Neste livro, o forno a lenha \u00e9 mais que uma ferramenta \u2014 \u00e9 o cora\u00e7\u00e3o de uma experi\u00eancia culin\u00e1ria que combina t\u00e9cnica, ingredientes de qualidade e paix\u00e3o pelo detalhe.<\/p>\n<p data-start=\"492\" data-end=\"777\">\ud83c\udf55 Com receitas testadas, hist\u00f3rias de pizzaiolos e dicas de fermenta\u00e7\u00e3o, escolha das farinhas, queijos e coberturas, este livro \u00e9 um guia completo para quem deseja criar pizzas artesanais aut\u00eanticas \u2014 da massa crocante ao molho vibrante, do calor da brasa ao prazer de servir.<\/p>\n<p data-start=\"779\" data-end=\"992\">\ud83c\udf3f Seja voc\u00ea um entusiasta da boa gastronomia, um empreendedor da \u00e1rea ou apenas algu\u00e9m apaixonado por pizza, <em data-start=\"889\" data-end=\"906\">Feito pelo Fogo<\/em> entrega inspira\u00e7\u00e3o, conhecimento e uma jornada sensorial ao redor da mesa e do forno.<\/p>\n","protected":false},"excerpt":{"rendered":"<p>feito pelo fogo pizza artesanal.<\/p>\n","protected":false},"featured_media":1637,"comment_status":"open","ping_status":"closed","template":"","meta":{"_crdt_document":"","pagelayer_contact_templates":[],"_pagelayer_content":"","_uag_custom_page_level_css":"","_monsterinsights_skip_tracking":false,"_monsterinsights_sitenote_active":false,"_monsterinsights_sitenote_note":"","_monsterinsights_sitenote_category":0,"site-sidebar-layout":"default","site-content-layout":"","ast-site-content-layout":"default","site-content-style":"default","site-sidebar-style":"default","ast-global-header-display":"","ast-banner-title-visibility":"","ast-main-header-display":"","ast-hfb-above-header-display":"","ast-hfb-below-header-display":"","ast-hfb-mobile-header-display":"","site-post-title":"","ast-breadcrumbs-content":"","ast-featured-img":"","footer-sml-layout":"","ast-disable-related-posts":"","theme-transparent-header-meta":"default","adv-header-id-meta":"","stick-header-meta":"","header-above-stick-meta":"","header-main-stick-meta":"","header-below-stick-meta":"","astra-migrate-meta-layouts":"set","ast-page-background-enabled":"default","ast-page-background-meta":{"desktop":{"background-color":"var(--ast-global-color-4)","background-image":"","background-repeat":"repeat","background-position":"center center","background-size":"auto","background-attachment":"scroll","background-type":"","background-media":"","overlay-type":"","overlay-color":"","overlay-opacity":"","overlay-gradient":""},"tablet":{"background-color":"","background-image":"","background-repeat":"repeat","background-position":"center center","background-size":"auto","background-attachment":"scroll","background-type":"","background-media":"","overlay-type":"","overlay-color":"","overlay-opacity":"","overlay-gradient":""},"mobile":{"background-color":"","background-image":"","background-repeat":"repeat","background-position":"center center","background-size":"auto","background-attachment":"scroll","background-type":"","background-media":"","overlay-type":"","overlay-color":"","overlay-opacity":"","overlay-gradient":""}},"ast-content-background-meta":{"desktop":{"background-color":"var(--ast-global-color-5)","background-image":"","background-repeat":"repeat","background-position":"center center","background-size":"auto","background-attachment":"scroll","background-type":"","background-media":"","overlay-type":"","overlay-color":"","overlay-opacity":"","overlay-gradient":""},"tablet":{"background-color":"var(--ast-global-color-5)","background-image":"","background-repeat":"repeat","background-position":"center center","background-size":"auto","background-attachment":"scroll","background-type":"","background-media":"","overlay-type":"","overlay-color":"","overlay-opacity":"","overlay-gradient":""},"mobile":{"background-color":"var(--ast-global-color-5)","background-image":"","background-repeat":"repeat","background-position":"center center","background-size":"auto","background-attachment":"scroll","background-type":"","background-media":"","overlay-type":"","overlay-color":"","overlay-opacity":"","overlay-gradient":""}}},"product_brand":[],"product_cat":[108],"product_tag":[],"class_list":{"0":"post-1632","1":"product","2":"type-product","3":"status-publish","4":"has-post-thumbnail","6":"product_cat-livros-e-ebooks","7":"desktop-align-left","8":"tablet-align-left","9":"mobile-align-left","11":"first","12":"instock","13":"sale","14":"downloadable","15":"virtual","16":"purchasable","17":"product-type-simple"},"aioseo_notices":[],"uagb_featured_image_src":{"full":["https:\/\/editoraviva.art.br\/blog\/wp-content\/uploads\/2025\/07\/livro-1.jpg",1080,1080,false],"thumbnail":["https:\/\/editoraviva.art.br\/blog\/wp-content\/uploads\/2025\/07\/livro-1-150x150.jpg",150,150,true],"medium":["https:\/\/editoraviva.art.br\/blog\/wp-content\/uploads\/2025\/07\/livro-1-300x300.jpg",300,300,true],"medium_large":["https:\/\/editoraviva.art.br\/blog\/wp-content\/uploads\/2025\/07\/livro-1-768x768.jpg",768,768,true],"large":["https:\/\/editoraviva.art.br\/blog\/wp-content\/uploads\/2025\/07\/livro-1-1024x1024.jpg",1024,1024,true],"1536x1536":["https:\/\/editoraviva.art.br\/blog\/wp-content\/uploads\/2025\/07\/livro-1.jpg",1080,1080,false],"2048x2048":["https:\/\/editoraviva.art.br\/blog\/wp-content\/uploads\/2025\/07\/livro-1.jpg",1080,1080,false],"woocommerce_thumbnail":["https:\/\/editoraviva.art.br\/blog\/wp-content\/uploads\/2025\/07\/livro-1-300x300.jpg",300,300,true],"woocommerce_single":["https:\/\/editoraviva.art.br\/blog\/wp-content\/uploads\/2025\/07\/livro-1-600x600.jpg",600,600,true],"woocommerce_gallery_thumbnail":["https:\/\/editoraviva.art.br\/blog\/wp-content\/uploads\/2025\/07\/livro-1-100x100.jpg",100,100,true]},"uagb_author_info":{"display_name":"admin","author_link":"https:\/\/editoraviva.art.br\/blog\/author\/"},"uagb_comment_info":0,"uagb_excerpt":"feito pelo fogo pizza artesanal.","jetpack_sharing_enabled":true,"post_mailing_queue_ids":[],"_links":{"self":[{"href":"https:\/\/editoraviva.art.br\/blog\/wp-json\/wp\/v2\/product\/1632","targetHints":{"allow":["GET"]}}],"collection":[{"href":"https:\/\/editoraviva.art.br\/blog\/wp-json\/wp\/v2\/product"}],"about":[{"href":"https:\/\/editoraviva.art.br\/blog\/wp-json\/wp\/v2\/types\/product"}],"replies":[{"embeddable":true,"href":"https:\/\/editoraviva.art.br\/blog\/wp-json\/wp\/v2\/comments?post=1632"}],"wp:featuredmedia":[{"embeddable":true,"href":"https:\/\/editoraviva.art.br\/blog\/wp-json\/wp\/v2\/media\/1637"}],"wp:attachment":[{"href":"https:\/\/editoraviva.art.br\/blog\/wp-json\/wp\/v2\/media?parent=1632"}],"wp:term":[{"taxonomy":"product_brand","embeddable":true,"href":"https:\/\/editoraviva.art.br\/blog\/wp-json\/wp\/v2\/product_brand?post=1632"},{"taxonomy":"product_cat","embeddable":true,"href":"https:\/\/editoraviva.art.br\/blog\/wp-json\/wp\/v2\/product_cat?post=1632"},{"taxonomy":"product_tag","embeddable":true,"href":"https:\/\/editoraviva.art.br\/blog\/wp-json\/wp\/v2\/product_tag?post=1632"}],"curies":[{"name":"wp","href":"https:\/\/api.w.org\/{rel}","templated":true}]}}