{"id":31,"date":"2023-01-13T21:34:02","date_gmt":"2023-01-14T00:34:02","guid":{"rendered":"https:\/\/editoraviva.art.br\/blog\/produto\/hoodie-with-logo\/"},"modified":"2024-05-11T22:22:40","modified_gmt":"2024-05-12T01:22:40","slug":"hoodie-with-logo","status":"publish","type":"product","link":"https:\/\/editoraviva.art.br\/blog\/produto\/hoodie-with-logo\/","title":{"rendered":"Acendedor para fogo em fog\u00e3o e forno a lenha, churrasqueiras, fogareiros."},"content":{"rendered":"<p>&nbsp;<\/p>\n<p>Feito artesanalmente com p\u00f3 de serragem, parafina de produtos vegetais e outros materiais de reciclagem.<\/p>\n<p>\u00d2timo para garantir sua seguran\u00e7a para acender churrasqueiras, fogueiras, fog\u00e3o a lenha, forno a lenha, fogareiro, camping.<\/p>\n<p>Evite os riscos de usar alcool, explos\u00e3o, l\u00edquidos inflam\u00e1veis, tochas e vassouras de fogo.<\/p>\n<p>Voc\u00ea acende e aguarda de forma controlada e gradual a queima do acendedor e o fogo inicial.<\/p>\n<p>Produto ecol\u00f3gico. Nosso diferencial \u00e9 usar material natural como parafina vegetal e madeiras sem tratamentos qu\u00edmicos que s\u00e3o reaproveitadas de marcenarias com confirma\u00e7\u00e3o de origem. Garantimos a proced\u00eancia da serragem para voc\u00ea n\u00e3o usar madeiras contaminadas com produtos quimicos toxicos.<\/p>\n<p>Acreditamos e incentivamos a cultura artesanal para que voc\u00ea fa\u00e7a voc\u00ea mesmo em casa seus materiais, alimentos, etc (DIY). Incentivamos a reciclagem de materiais e o consumo consciente de uso dos bens dispon\u00edveis em nosso meio ambiente. Somos parte da comunidade de churrasqueiros, pitmasters, pizzaiolos, cozinheiros artesanais.<\/p>\n<p>Teste de fogo queima durante 30 minutos e altura da chama de 20 cm.<\/p>\n<p>Maximizamos os cuidados de preparar o acendedor para n\u00e3o causar problemas de sa\u00fade e evitar produtos quimicos indesejados na queima do acendedor.<\/p>\n<p>Enviamos o kit com 06 unidades na embalagem pl\u00e1stica ou pote.<\/p>\n<p>Maiores quantidades consultar para encomendas.<\/p>\n<p>Nossos acendedores possuem um kit de produ\u00e7\u00e3o que pode ser usado por voc\u00ea. Veja an\u00fancio do kit. Voc\u00ea pode fazer os seus pr\u00f3prios acendedores com nosso kit de constru\u00e7\u00e3o. Caso queira maiores informa\u00e7\u00f5es, pergunte ou fa\u00e7a nos coment\u00e1rios.<\/p>\n<p>Material inflam\u00e1vel. N\u00e3o usar com crian\u00e7as. N\u00e3o usar como fonte de calor com materiais de f\u00e1cil combust\u00e3o, Evitar umidade. Evitar o manuseio de crian\u00e7as.<\/p>\n<p>Para mais informa\u00e7\u00f5es e dicas veja em nosso canal do youtube.<\/p>\n<p>Aten\u00e7\u00e3o<\/p>\n<p>Temos uma promo\u00e7\u00e3o especial para voc\u00ea que adquirir os nossos acendedores. Para a turma da pizza oferecemos o nosso pizza cook tracker que \u00e9 um app e assistente para registro de pizzas e mais um brinde que acompanha a nossa caixa que \u00e9 uma surpresa especial para voc\u00ea. Compre o nosso acendedor e ganhe esses b\u00f4nus com a entrega do seu pedido<\/p>\n","protected":false},"excerpt":{"rendered":"<p>Feito artesanalmente com p\u00f3 de serragem, parafina de produtos vegetais e outros materiais de reciclagem.<\/p>\n<p>\u00d2timo para garantir sua seguran\u00e7a para acender churrasqueiras, fogueiras, fog\u00e3o a lenha, forno a lenha, fogareiro, camping.<\/p>\n<p>Evite os riscos de usar alcool, explos\u00e3o, l\u00edquidos inflam\u00e1veis, tochas e vassouras de fogo.<\/p>\n<p>Voc\u00ea acende e aguarda de forma controlada e gradual a queima do acendedor e o fogo inicial.<\/p>\n<p>Produto ecol\u00f3gico. Nosso diferencial \u00e9 usar material natural como parafina vegetal e madeiras sem tratamentos qu\u00edmicos que s\u00e3o reaproveitadas de marcenarias com confirma\u00e7\u00e3o de origem. Garantimos a proced\u00eancia da serragem para voc\u00ea n\u00e3o usar madeiras contaminadas com produtos quimicos toxicos.<\/p>\n<p>&nbsp;<\/p>\n","protected":false},"featured_media":34,"comment_status":"open","ping_status":"closed","template":"","meta":{"_crdt_document":"","pagelayer_contact_templates":[],"_pagelayer_content":"","_uag_custom_page_level_css":"","_monsterinsights_skip_tracking":false,"_monsterinsights_sitenote_active":false,"_monsterinsights_sitenote_note":"","_monsterinsights_sitenote_category":0,"site-sidebar-layout":"default","site-content-layout":"","ast-site-content-layout":"default","site-content-style":"default","site-sidebar-style":"default","ast-global-header-display":"","ast-banner-title-visibility":"","ast-main-header-display":"","ast-hfb-above-header-display":"","ast-hfb-below-header-display":"","ast-hfb-mobile-header-display":"","site-post-title":"","ast-breadcrumbs-content":"","ast-featured-img":"","footer-sml-layout":"","ast-disable-related-posts":"","theme-transparent-header-meta":"default","adv-header-id-meta":"","stick-header-meta":"","header-above-stick-meta":"","header-main-stick-meta":"","header-below-stick-meta":"","astra-migrate-meta-layouts":"set","ast-page-background-enabled":"default","ast-page-background-meta":{"desktop":{"background-color":"var(--ast-global-color-4)","background-image":"","background-repeat":"repeat","background-position":"center center","background-size":"auto","background-attachment":"scroll","background-type":"","background-media":"","overlay-type":"","overlay-color":"","overlay-opacity":"","overlay-gradient":""},"tablet":{"background-color":"","background-image":"","background-repeat":"repeat","background-position":"center center","background-size":"auto","background-attachment":"scroll","background-type":"","background-media":"","overlay-type":"","overlay-color":"","overlay-opacity":"","overlay-gradient":""},"mobile":{"background-color":"","background-image":"","background-repeat":"repeat","background-position":"center center","background-size":"auto","background-attachment":"scroll","background-type":"","background-media":"","overlay-type":"","overlay-color":"","overlay-opacity":"","overlay-gradient":""}},"ast-content-background-meta":{"desktop":{"background-color":"var(--ast-global-color-5)","background-image":"","background-repeat":"repeat","background-position":"center center","background-size":"auto","background-attachment":"scroll","background-type":"","background-media":"","overlay-type":"","overlay-color":"","overlay-opacity":"","overlay-gradient":""},"tablet":{"background-color":"var(--ast-global-color-5)","background-image":"","background-repeat":"repeat","background-position":"center center","background-size":"auto","background-attachment":"scroll","background-type":"","background-media":"","overlay-type":"","overlay-color":"","overlay-opacity":"","overlay-gradient":""},"mobile":{"background-color":"var(--ast-global-color-5)","background-image":"","background-repeat":"repeat","background-position":"center center","background-size":"auto","background-attachment":"scroll","background-type":"","background-media":"","overlay-type":"","overlay-color":"","overlay-opacity":"","overlay-gradient":""}}},"product_brand":[],"product_cat":[60],"product_tag":[21,70,71],"class_list":{"0":"post-31","1":"product","2":"type-product","3":"status-publish","4":"has-post-thumbnail","6":"product_cat-utensilios","7":"product_tag-acendedor","8":"product_tag-fogo","9":"product_tag-forno","10":"desktop-align-left","11":"tablet-align-left","12":"mobile-align-left","14":"first","15":"instock","16":"shipping-taxable","17":"purchasable","18":"product-type-simple"},"aioseo_notices":[],"uagb_featured_image_src":{"full":["https:\/\/editoraviva.art.br\/blog\/wp-content\/uploads\/2023\/01\/IMG_1845-1.png",3186,1809,false],"thumbnail":["https:\/\/editoraviva.art.br\/blog\/wp-content\/uploads\/2023\/01\/IMG_1845-1-150x150.png",150,150,true],"medium":["https:\/\/editoraviva.art.br\/blog\/wp-content\/uploads\/2023\/01\/IMG_1845-1-300x170.png",300,170,true],"medium_large":["https:\/\/editoraviva.art.br\/blog\/wp-content\/uploads\/2023\/01\/IMG_1845-1-768x436.png",768,436,true],"large":["https:\/\/editoraviva.art.br\/blog\/wp-content\/uploads\/2023\/01\/IMG_1845-1-1024x581.png",1024,581,true],"1536x1536":["https:\/\/editoraviva.art.br\/blog\/wp-content\/uploads\/2023\/01\/IMG_1845-1-1536x872.png",1536,872,true],"2048x2048":["https:\/\/editoraviva.art.br\/blog\/wp-content\/uploads\/2023\/01\/IMG_1845-1-2048x1163.png",2048,1163,true],"woocommerce_thumbnail":["https:\/\/editoraviva.art.br\/blog\/wp-content\/uploads\/2023\/01\/IMG_1845-1-300x300.png",300,300,true],"woocommerce_single":["https:\/\/editoraviva.art.br\/blog\/wp-content\/uploads\/2023\/01\/IMG_1845-1-600x341.png",600,341,true],"woocommerce_gallery_thumbnail":["https:\/\/editoraviva.art.br\/blog\/wp-content\/uploads\/2023\/01\/IMG_1845-1-100x100.png",100,100,true]},"uagb_author_info":{"display_name":"admin","author_link":"https:\/\/editoraviva.art.br\/blog\/author\/"},"uagb_comment_info":0,"uagb_excerpt":"Feito artesanalmente com p\u00f3 de serragem, parafina de produtos vegetais e outros materiais de reciclagem. \u00d2timo para garantir sua seguran\u00e7a para acender churrasqueiras, fogueiras, fog\u00e3o a lenha, forno a lenha, fogareiro, camping. Evite os riscos de usar alcool, explos\u00e3o, l\u00edquidos inflam\u00e1veis, tochas e vassouras de fogo. Voc\u00ea acende e aguarda de forma controlada e gradual&hellip;","jetpack_sharing_enabled":true,"post_mailing_queue_ids":[],"_links":{"self":[{"href":"https:\/\/editoraviva.art.br\/blog\/wp-json\/wp\/v2\/product\/31","targetHints":{"allow":["GET"]}}],"collection":[{"href":"https:\/\/editoraviva.art.br\/blog\/wp-json\/wp\/v2\/product"}],"about":[{"href":"https:\/\/editoraviva.art.br\/blog\/wp-json\/wp\/v2\/types\/product"}],"replies":[{"embeddable":true,"href":"https:\/\/editoraviva.art.br\/blog\/wp-json\/wp\/v2\/comments?post=31"}],"wp:featuredmedia":[{"embeddable":true,"href":"https:\/\/editoraviva.art.br\/blog\/wp-json\/wp\/v2\/media\/34"}],"wp:attachment":[{"href":"https:\/\/editoraviva.art.br\/blog\/wp-json\/wp\/v2\/media?parent=31"}],"wp:term":[{"taxonomy":"product_brand","embeddable":true,"href":"https:\/\/editoraviva.art.br\/blog\/wp-json\/wp\/v2\/product_brand?post=31"},{"taxonomy":"product_cat","embeddable":true,"href":"https:\/\/editoraviva.art.br\/blog\/wp-json\/wp\/v2\/product_cat?post=31"},{"taxonomy":"product_tag","embeddable":true,"href":"https:\/\/editoraviva.art.br\/blog\/wp-json\/wp\/v2\/product_tag?post=31"}],"curies":[{"name":"wp","href":"https:\/\/api.w.org\/{rel}","templated":true}]}}