{"id":592,"date":"2024-05-11T22:59:43","date_gmt":"2024-05-12T01:59:43","guid":{"rendered":"https:\/\/editoraviva.art.br\/blog\/?post_type=product&#038;p=592"},"modified":"2024-05-11T23:03:53","modified_gmt":"2024-05-12T02:03:53","slug":"camiseta-estampada-nao-existe-pizza-errada-com-mascote-de-fatia-de-pizza","status":"publish","type":"product","link":"https:\/\/editoraviva.art.br\/blog\/produto\/camiseta-estampada-nao-existe-pizza-errada-com-mascote-de-fatia-de-pizza\/","title":{"rendered":"Camiseta estampada n\u00e3o existe pizza errada  com mascote de fatia de pizza"},"content":{"rendered":"<p>Camisetas personalizadas. mascote Pizzazinho &#8211; fatia de pizza com texto <strong> &#8220;N\u00e3o existe pizza errada, errado \u00e9 n\u00e3o fazer pizza&#8221;<\/strong>. Mascote fatia de pizza. Imagem cor da camiseta preta. <\/p>\n<p>Nossas camisetas estampadas tem um designer diferenciado com imagens e lettering. Dispon\u00edvel sob demanda.<\/p>\n<p>N\u00e3o tem estoque, \u00e9 necess\u00e1rio encomenda pr\u00e9via.<\/p>\n<p>Para impress\u00e3o sob demanda processo continuo. <a href=\"https:\/\/reserva.ink\/anasottoni\" title=\"Encomendar sob demanda\" rel=\"noopener\" target=\"_blank\">https:\/\/reserva.ink\/anasottoni<\/a><\/p>\n","protected":false},"excerpt":{"rendered":"<p>Camisetas personalizadas com nossas estampas.<\/p>\n","protected":false},"featured_media":593,"comment_status":"open","ping_status":"closed","template":"","meta":{"_crdt_document":"","pagelayer_contact_templates":[],"_pagelayer_content":"","_uag_custom_page_level_css":"","_monsterinsights_skip_tracking":false,"_monsterinsights_sitenote_active":false,"_monsterinsights_sitenote_note":"","_monsterinsights_sitenote_category":0,"site-sidebar-layout":"default","site-content-layout":"","ast-site-content-layout":"default","site-content-style":"default","site-sidebar-style":"default","ast-global-header-display":"","ast-banner-title-visibility":"","ast-main-header-display":"","ast-hfb-above-header-display":"","ast-hfb-below-header-display":"","ast-hfb-mobile-header-display":"","site-post-title":"","ast-breadcrumbs-content":"","ast-featured-img":"","footer-sml-layout":"","ast-disable-related-posts":"","theme-transparent-header-meta":"default","adv-header-id-meta":"","stick-header-meta":"","header-above-stick-meta":"","header-main-stick-meta":"","header-below-stick-meta":"","astra-migrate-meta-layouts":"set","ast-page-background-enabled":"default","ast-page-background-meta":{"desktop":{"background-color":"var(--ast-global-color-4)","background-image":"","background-repeat":"repeat","background-position":"center center","background-size":"auto","background-attachment":"scroll","background-type":"","background-media":"","overlay-type":"","overlay-color":"","overlay-opacity":"","overlay-gradient":""},"tablet":{"background-color":"","background-image":"","background-repeat":"repeat","background-position":"center center","background-size":"auto","background-attachment":"scroll","background-type":"","background-media":"","overlay-type":"","overlay-color":"","overlay-opacity":"","overlay-gradient":""},"mobile":{"background-color":"","background-image":"","background-repeat":"repeat","background-position":"center center","background-size":"auto","background-attachment":"scroll","background-type":"","background-media":"","overlay-type":"","overlay-color":"","overlay-opacity":"","overlay-gradient":""}},"ast-content-background-meta":{"desktop":{"background-color":"var(--ast-global-color-5)","background-image":"","background-repeat":"repeat","background-position":"center center","background-size":"auto","background-attachment":"scroll","background-type":"","background-media":"","overlay-type":"","overlay-color":"","overlay-opacity":"","overlay-gradient":""},"tablet":{"background-color":"var(--ast-global-color-5)","background-image":"","background-repeat":"repeat","background-position":"center center","background-size":"auto","background-attachment":"scroll","background-type":"","background-media":"","overlay-type":"","overlay-color":"","overlay-opacity":"","overlay-gradient":""},"mobile":{"background-color":"var(--ast-global-color-5)","background-image":"","background-repeat":"repeat","background-position":"center center","background-size":"auto","background-attachment":"scroll","background-type":"","background-media":"","overlay-type":"","overlay-color":"","overlay-opacity":"","overlay-gradient":""}}},"product_brand":[],"product_cat":[59,64],"product_tag":[72,73],"class_list":{"0":"post-592","1":"product","2":"type-product","3":"status-publish","4":"has-post-thumbnail","6":"product_cat-camisetas","7":"product_cat-estampadas-com-imagens","8":"product_tag-mascote","9":"product_tag-pizzazinho","10":"desktop-align-left","11":"tablet-align-left","12":"mobile-align-left","14":"first","15":"onbackorder","16":"sale","17":"shipping-taxable","18":"purchasable","19":"product-type-simple"},"aioseo_notices":[],"uagb_featured_image_src":{"full":["https:\/\/editoraviva.art.br\/blog\/wp-content\/uploads\/2024\/05\/estampa-camisa-errado-e-nao-fazer-pizza.png",560,620,false],"thumbnail":["https:\/\/editoraviva.art.br\/blog\/wp-content\/uploads\/2024\/05\/estampa-camisa-errado-e-nao-fazer-pizza-150x150.png",150,150,true],"medium":["https:\/\/editoraviva.art.br\/blog\/wp-content\/uploads\/2024\/05\/estampa-camisa-errado-e-nao-fazer-pizza-271x300.png",271,300,true],"medium_large":["https:\/\/editoraviva.art.br\/blog\/wp-content\/uploads\/2024\/05\/estampa-camisa-errado-e-nao-fazer-pizza.png",560,620,false],"large":["https:\/\/editoraviva.art.br\/blog\/wp-content\/uploads\/2024\/05\/estampa-camisa-errado-e-nao-fazer-pizza.png",560,620,false],"1536x1536":["https:\/\/editoraviva.art.br\/blog\/wp-content\/uploads\/2024\/05\/estampa-camisa-errado-e-nao-fazer-pizza.png",560,620,false],"2048x2048":["https:\/\/editoraviva.art.br\/blog\/wp-content\/uploads\/2024\/05\/estampa-camisa-errado-e-nao-fazer-pizza.png",560,620,false],"woocommerce_thumbnail":["https:\/\/editoraviva.art.br\/blog\/wp-content\/uploads\/2024\/05\/estampa-camisa-errado-e-nao-fazer-pizza-300x300.png",300,300,true],"woocommerce_single":["https:\/\/editoraviva.art.br\/blog\/wp-content\/uploads\/2024\/05\/estampa-camisa-errado-e-nao-fazer-pizza.png",560,620,false],"woocommerce_gallery_thumbnail":["https:\/\/editoraviva.art.br\/blog\/wp-content\/uploads\/2024\/05\/estampa-camisa-errado-e-nao-fazer-pizza-100x100.png",100,100,true]},"uagb_author_info":{"display_name":"admin","author_link":"https:\/\/editoraviva.art.br\/blog\/author\/"},"uagb_comment_info":0,"uagb_excerpt":"Camisetas personalizadas com nossas estampas.","jetpack_sharing_enabled":true,"post_mailing_queue_ids":[],"_links":{"self":[{"href":"https:\/\/editoraviva.art.br\/blog\/wp-json\/wp\/v2\/product\/592","targetHints":{"allow":["GET"]}}],"collection":[{"href":"https:\/\/editoraviva.art.br\/blog\/wp-json\/wp\/v2\/product"}],"about":[{"href":"https:\/\/editoraviva.art.br\/blog\/wp-json\/wp\/v2\/types\/product"}],"replies":[{"embeddable":true,"href":"https:\/\/editoraviva.art.br\/blog\/wp-json\/wp\/v2\/comments?post=592"}],"wp:featuredmedia":[{"embeddable":true,"href":"https:\/\/editoraviva.art.br\/blog\/wp-json\/wp\/v2\/media\/593"}],"wp:attachment":[{"href":"https:\/\/editoraviva.art.br\/blog\/wp-json\/wp\/v2\/media?parent=592"}],"wp:term":[{"taxonomy":"product_brand","embeddable":true,"href":"https:\/\/editoraviva.art.br\/blog\/wp-json\/wp\/v2\/product_brand?post=592"},{"taxonomy":"product_cat","embeddable":true,"href":"https:\/\/editoraviva.art.br\/blog\/wp-json\/wp\/v2\/product_cat?post=592"},{"taxonomy":"product_tag","embeddable":true,"href":"https:\/\/editoraviva.art.br\/blog\/wp-json\/wp\/v2\/product_tag?post=592"}],"curies":[{"name":"wp","href":"https:\/\/api.w.org\/{rel}","templated":true}]}}