{"id":703,"date":"2024-05-15T20:36:18","date_gmt":"2024-05-15T23:36:18","guid":{"rendered":"https:\/\/editoraviva.art.br\/blog\/?post_type=product&#038;p=703"},"modified":"2024-05-16T21:36:03","modified_gmt":"2024-05-17T00:36:03","slug":"estampas-sobre-etapas-de-fermentacao-de-pizzas","status":"publish","type":"product","link":"https:\/\/editoraviva.art.br\/blog\/produto\/estampas-sobre-etapas-de-fermentacao-de-pizzas\/","title":{"rendered":"estampas sobre etapas de fermenta\u00e7\u00e3o de pizzas"},"content":{"rendered":"<p>Essas estampas s\u00e3o das etapas de fermenta\u00e7\u00e3o de pizza. A cole\u00e7\u00e3o de estampas t\u00e9cnicas de fazer pizza. Etapas da puntata, staglio, appretto.<\/p>\n<p>Imagens com ilustra\u00e7\u00e3o, letterring e letras, 3d para manuais t\u00e9cnicos.<\/p>\n","protected":false},"excerpt":{"rendered":"<p>Essas estampas s\u00e3o das etapas de fermenta\u00e7\u00e3o de pizza. A cole\u00e7\u00e3o de estampas t\u00e9cnicas de fazer pizza. Etapas da puntata, staglio, appretto. Imagens com ilustra\u00e7\u00e3o, letterring e letras, 3d para manuais t\u00e9cnicos.<\/p>\n","protected":false},"featured_media":752,"comment_status":"open","ping_status":"closed","template":"","meta":{"_crdt_document":"","pagelayer_contact_templates":[],"_pagelayer_content":"","_uag_custom_page_level_css":"","_monsterinsights_skip_tracking":false,"_monsterinsights_sitenote_active":false,"_monsterinsights_sitenote_note":"","_monsterinsights_sitenote_category":0,"site-sidebar-layout":"default","site-content-layout":"","ast-site-content-layout":"default","site-content-style":"default","site-sidebar-style":"default","ast-global-header-display":"","ast-banner-title-visibility":"","ast-main-header-display":"","ast-hfb-above-header-display":"","ast-hfb-below-header-display":"","ast-hfb-mobile-header-display":"","site-post-title":"","ast-breadcrumbs-content":"","ast-featured-img":"","footer-sml-layout":"","ast-disable-related-posts":"","theme-transparent-header-meta":"default","adv-header-id-meta":"","stick-header-meta":"","header-above-stick-meta":"","header-main-stick-meta":"","header-below-stick-meta":"","astra-migrate-meta-layouts":"set","ast-page-background-enabled":"default","ast-page-background-meta":{"desktop":{"background-color":"var(--ast-global-color-4)","background-image":"","background-repeat":"repeat","background-position":"center center","background-size":"auto","background-attachment":"scroll","background-type":"","background-media":"","overlay-type":"","overlay-color":"","overlay-opacity":"","overlay-gradient":""},"tablet":{"background-color":"","background-image":"","background-repeat":"repeat","background-position":"center center","background-size":"auto","background-attachment":"scroll","background-type":"","background-media":"","overlay-type":"","overlay-color":"","overlay-opacity":"","overlay-gradient":""},"mobile":{"background-color":"","background-image":"","background-repeat":"repeat","background-position":"center center","background-size":"auto","background-attachment":"scroll","background-type":"","background-media":"","overlay-type":"","overlay-color":"","overlay-opacity":"","overlay-gradient":""}},"ast-content-background-meta":{"desktop":{"background-color":"var(--ast-global-color-5)","background-image":"","background-repeat":"repeat","background-position":"center center","background-size":"auto","background-attachment":"scroll","background-type":"","background-media":"","overlay-type":"","overlay-color":"","overlay-opacity":"","overlay-gradient":""},"tablet":{"background-color":"var(--ast-global-color-5)","background-image":"","background-repeat":"repeat","background-position":"center center","background-size":"auto","background-attachment":"scroll","background-type":"","background-media":"","overlay-type":"","overlay-color":"","overlay-opacity":"","overlay-gradient":""},"mobile":{"background-color":"var(--ast-global-color-5)","background-image":"","background-repeat":"repeat","background-position":"center center","background-size":"auto","background-attachment":"scroll","background-type":"","background-media":"","overlay-type":"","overlay-color":"","overlay-opacity":"","overlay-gradient":""}}},"product_brand":[],"product_cat":[79],"product_tag":[87,88,85,86],"class_list":{"0":"post-703","1":"product","2":"type-product","3":"status-publish","4":"has-post-thumbnail","6":"product_cat-estamparia","7":"product_tag-fermentacao","8":"product_tag-massa","9":"product_tag-pizza","10":"product_tag-tecnica","11":"desktop-align-left","12":"tablet-align-left","13":"mobile-align-left","15":"first","16":"instock","17":"sale","18":"downloadable","19":"shipping-taxable","20":"purchasable","21":"product-type-simple"},"aioseo_notices":[],"uagb_featured_image_src":{"full":["https:\/\/editoraviva.art.br\/blog\/wp-content\/uploads\/2024\/05\/fases-fermentacao-texto.jpeg",1024,1024,false],"thumbnail":["https:\/\/editoraviva.art.br\/blog\/wp-content\/uploads\/2024\/05\/fases-fermentacao-texto-150x150.jpeg",150,150,true],"medium":["https:\/\/editoraviva.art.br\/blog\/wp-content\/uploads\/2024\/05\/fases-fermentacao-texto-300x300.jpeg",300,300,true],"medium_large":["https:\/\/editoraviva.art.br\/blog\/wp-content\/uploads\/2024\/05\/fases-fermentacao-texto-768x768.jpeg",768,768,true],"large":["https:\/\/editoraviva.art.br\/blog\/wp-content\/uploads\/2024\/05\/fases-fermentacao-texto.jpeg",1024,1024,false],"1536x1536":["https:\/\/editoraviva.art.br\/blog\/wp-content\/uploads\/2024\/05\/fases-fermentacao-texto.jpeg",1024,1024,false],"2048x2048":["https:\/\/editoraviva.art.br\/blog\/wp-content\/uploads\/2024\/05\/fases-fermentacao-texto.jpeg",1024,1024,false],"woocommerce_thumbnail":["https:\/\/editoraviva.art.br\/blog\/wp-content\/uploads\/2024\/05\/fases-fermentacao-texto-300x300.jpeg",300,300,true],"woocommerce_single":["https:\/\/editoraviva.art.br\/blog\/wp-content\/uploads\/2024\/05\/fases-fermentacao-texto-600x600.jpeg",600,600,true],"woocommerce_gallery_thumbnail":["https:\/\/editoraviva.art.br\/blog\/wp-content\/uploads\/2024\/05\/fases-fermentacao-texto-100x100.jpeg",100,100,true]},"uagb_author_info":{"display_name":"admin","author_link":"https:\/\/editoraviva.art.br\/blog\/author\/"},"uagb_comment_info":0,"uagb_excerpt":"Essas estampas s\u00e3o das etapas de fermenta\u00e7\u00e3o de pizza. A cole\u00e7\u00e3o de estampas t\u00e9cnicas de fazer pizza. Etapas da puntata, staglio, appretto. Imagens com ilustra\u00e7\u00e3o, letterring e letras, 3d para manuais t\u00e9cnicos.","jetpack_sharing_enabled":true,"post_mailing_queue_ids":[],"_links":{"self":[{"href":"https:\/\/editoraviva.art.br\/blog\/wp-json\/wp\/v2\/product\/703","targetHints":{"allow":["GET"]}}],"collection":[{"href":"https:\/\/editoraviva.art.br\/blog\/wp-json\/wp\/v2\/product"}],"about":[{"href":"https:\/\/editoraviva.art.br\/blog\/wp-json\/wp\/v2\/types\/product"}],"replies":[{"embeddable":true,"href":"https:\/\/editoraviva.art.br\/blog\/wp-json\/wp\/v2\/comments?post=703"}],"wp:featuredmedia":[{"embeddable":true,"href":"https:\/\/editoraviva.art.br\/blog\/wp-json\/wp\/v2\/media\/752"}],"wp:attachment":[{"href":"https:\/\/editoraviva.art.br\/blog\/wp-json\/wp\/v2\/media?parent=703"}],"wp:term":[{"taxonomy":"product_brand","embeddable":true,"href":"https:\/\/editoraviva.art.br\/blog\/wp-json\/wp\/v2\/product_brand?post=703"},{"taxonomy":"product_cat","embeddable":true,"href":"https:\/\/editoraviva.art.br\/blog\/wp-json\/wp\/v2\/product_cat?post=703"},{"taxonomy":"product_tag","embeddable":true,"href":"https:\/\/editoraviva.art.br\/blog\/wp-json\/wp\/v2\/product_tag?post=703"}],"curies":[{"name":"wp","href":"https:\/\/api.w.org\/{rel}","templated":true}]}}