{"id":735,"date":"2024-05-16T15:30:26","date_gmt":"2024-05-16T18:30:26","guid":{"rendered":"https:\/\/editoraviva.art.br\/blog\/?post_type=product&#038;p=735"},"modified":"2024-05-16T22:26:33","modified_gmt":"2024-05-17T01:26:33","slug":"camiseta-so-letras-fogo-e-lenha","status":"publish","type":"product","link":"https:\/\/editoraviva.art.br\/blog\/produto\/camiseta-so-letras-fogo-e-lenha\/","title":{"rendered":"camiseta so letras fogo e lenha"},"content":{"rendered":"<p>Essa \u00e9 a nossa camiseta de trabalho. Se voc\u00ea quer divulgar nosso trabalho, pode at\u00e9 usar uma camiseta dos nossos unifomes do fogo e lenha.<\/p>\n","protected":false},"excerpt":{"rendered":"<p>Essa \u00e9 a nossa camiseta de trabalho. Se voc\u00ea quer divulgar nosso trabalho, pode at\u00e9 usar uma camiseta dos nossos unifomes do fogo e lenha.<\/p>\n","protected":false},"featured_media":737,"comment_status":"open","ping_status":"closed","template":"","meta":{"_crdt_document":"","pagelayer_contact_templates":[],"_pagelayer_content":"","_uag_custom_page_level_css":"","_monsterinsights_skip_tracking":false,"_monsterinsights_sitenote_active":false,"_monsterinsights_sitenote_note":"","_monsterinsights_sitenote_category":0,"site-sidebar-layout":"default","site-content-layout":"","ast-site-content-layout":"default","site-content-style":"default","site-sidebar-style":"default","ast-global-header-display":"","ast-banner-title-visibility":"","ast-main-header-display":"","ast-hfb-above-header-display":"","ast-hfb-below-header-display":"","ast-hfb-mobile-header-display":"","site-post-title":"","ast-breadcrumbs-content":"","ast-featured-img":"","footer-sml-layout":"","ast-disable-related-posts":"","theme-transparent-header-meta":"default","adv-header-id-meta":"","stick-header-meta":"","header-above-stick-meta":"","header-main-stick-meta":"","header-below-stick-meta":"","astra-migrate-meta-layouts":"set","ast-page-background-enabled":"default","ast-page-background-meta":{"desktop":{"background-color":"var(--ast-global-color-4)","background-image":"","background-repeat":"repeat","background-position":"center center","background-size":"auto","background-attachment":"scroll","background-type":"","background-media":"","overlay-type":"","overlay-color":"","overlay-opacity":"","overlay-gradient":""},"tablet":{"background-color":"","background-image":"","background-repeat":"repeat","background-position":"center center","background-size":"auto","background-attachment":"scroll","background-type":"","background-media":"","overlay-type":"","overlay-color":"","overlay-opacity":"","overlay-gradient":""},"mobile":{"background-color":"","background-image":"","background-repeat":"repeat","background-position":"center center","background-size":"auto","background-attachment":"scroll","background-type":"","background-media":"","overlay-type":"","overlay-color":"","overlay-opacity":"","overlay-gradient":""}},"ast-content-background-meta":{"desktop":{"background-color":"var(--ast-global-color-5)","background-image":"","background-repeat":"repeat","background-position":"center center","background-size":"auto","background-attachment":"scroll","background-type":"","background-media":"","overlay-type":"","overlay-color":"","overlay-opacity":"","overlay-gradient":""},"tablet":{"background-color":"var(--ast-global-color-5)","background-image":"","background-repeat":"repeat","background-position":"center center","background-size":"auto","background-attachment":"scroll","background-type":"","background-media":"","overlay-type":"","overlay-color":"","overlay-opacity":"","overlay-gradient":""},"mobile":{"background-color":"var(--ast-global-color-5)","background-image":"","background-repeat":"repeat","background-position":"center center","background-size":"auto","background-attachment":"scroll","background-type":"","background-media":"","overlay-type":"","overlay-color":"","overlay-opacity":"","overlay-gradient":""}}},"product_brand":[],"product_cat":[59,64,65],"product_tag":[],"class_list":{"0":"post-735","1":"product","2":"type-product","3":"status-publish","4":"has-post-thumbnail","6":"product_cat-camisetas","7":"product_cat-estampadas-com-imagens","8":"product_cat-minimalistas","9":"desktop-align-left","10":"tablet-align-left","11":"mobile-align-left","13":"first","14":"instock","15":"sale","16":"shipping-taxable","17":"purchasable","18":"product-type-simple"},"aioseo_notices":[],"uagb_featured_image_src":{"full":["https:\/\/editoraviva.art.br\/blog\/wp-content\/uploads\/2024\/05\/fogo-e-lenha-lettering-nossa-marca.png",577,593,false],"thumbnail":["https:\/\/editoraviva.art.br\/blog\/wp-content\/uploads\/2024\/05\/fogo-e-lenha-lettering-nossa-marca-150x150.png",150,150,true],"medium":["https:\/\/editoraviva.art.br\/blog\/wp-content\/uploads\/2024\/05\/fogo-e-lenha-lettering-nossa-marca-292x300.png",292,300,true],"medium_large":["https:\/\/editoraviva.art.br\/blog\/wp-content\/uploads\/2024\/05\/fogo-e-lenha-lettering-nossa-marca.png",577,593,false],"large":["https:\/\/editoraviva.art.br\/blog\/wp-content\/uploads\/2024\/05\/fogo-e-lenha-lettering-nossa-marca.png",577,593,false],"1536x1536":["https:\/\/editoraviva.art.br\/blog\/wp-content\/uploads\/2024\/05\/fogo-e-lenha-lettering-nossa-marca.png",577,593,false],"2048x2048":["https:\/\/editoraviva.art.br\/blog\/wp-content\/uploads\/2024\/05\/fogo-e-lenha-lettering-nossa-marca.png",577,593,false],"woocommerce_thumbnail":["https:\/\/editoraviva.art.br\/blog\/wp-content\/uploads\/2024\/05\/fogo-e-lenha-lettering-nossa-marca-300x300.png",300,300,true],"woocommerce_single":["https:\/\/editoraviva.art.br\/blog\/wp-content\/uploads\/2024\/05\/fogo-e-lenha-lettering-nossa-marca.png",577,593,false],"woocommerce_gallery_thumbnail":["https:\/\/editoraviva.art.br\/blog\/wp-content\/uploads\/2024\/05\/fogo-e-lenha-lettering-nossa-marca-100x100.png",100,100,true]},"uagb_author_info":{"display_name":"admin","author_link":"https:\/\/editoraviva.art.br\/blog\/author\/"},"uagb_comment_info":0,"uagb_excerpt":"Essa \u00e9 a nossa camiseta de trabalho. Se voc\u00ea quer divulgar nosso trabalho, pode at\u00e9 usar uma camiseta dos nossos unifomes do fogo e lenha.","jetpack_sharing_enabled":true,"post_mailing_queue_ids":[],"_links":{"self":[{"href":"https:\/\/editoraviva.art.br\/blog\/wp-json\/wp\/v2\/product\/735","targetHints":{"allow":["GET"]}}],"collection":[{"href":"https:\/\/editoraviva.art.br\/blog\/wp-json\/wp\/v2\/product"}],"about":[{"href":"https:\/\/editoraviva.art.br\/blog\/wp-json\/wp\/v2\/types\/product"}],"replies":[{"embeddable":true,"href":"https:\/\/editoraviva.art.br\/blog\/wp-json\/wp\/v2\/comments?post=735"}],"wp:featuredmedia":[{"embeddable":true,"href":"https:\/\/editoraviva.art.br\/blog\/wp-json\/wp\/v2\/media\/737"}],"wp:attachment":[{"href":"https:\/\/editoraviva.art.br\/blog\/wp-json\/wp\/v2\/media?parent=735"}],"wp:term":[{"taxonomy":"product_brand","embeddable":true,"href":"https:\/\/editoraviva.art.br\/blog\/wp-json\/wp\/v2\/product_brand?post=735"},{"taxonomy":"product_cat","embeddable":true,"href":"https:\/\/editoraviva.art.br\/blog\/wp-json\/wp\/v2\/product_cat?post=735"},{"taxonomy":"product_tag","embeddable":true,"href":"https:\/\/editoraviva.art.br\/blog\/wp-json\/wp\/v2\/product_tag?post=735"}],"curies":[{"name":"wp","href":"https:\/\/api.w.org\/{rel}","templated":true}]}}