{"id":798,"date":"2024-05-16T22:43:47","date_gmt":"2024-05-17T01:43:47","guid":{"rendered":"https:\/\/editoraviva.art.br\/blog\/?post_type=product&#038;p=798"},"modified":"2024-05-16T22:43:47","modified_gmt":"2024-05-17T01:43:47","slug":"estamparias-errado-e-nao-fazer-pizza","status":"publish","type":"product","link":"https:\/\/editoraviva.art.br\/blog\/produto\/estamparias-errado-e-nao-fazer-pizza\/","title":{"rendered":"estamparias errado \u00e9 n\u00e3o fazer pizza"},"content":{"rendered":"<p>A frase ic\u00f4nico que errado \u00e9 n\u00e3o fazer pizza.<\/p>\n<p>V\u00e1rios design em lettering para apresenta\u00e7\u00e3o e comunica\u00e7\u00e3o da nossa marca. <\/p>\n<p>Caso voc\u00ea queira conhecer outras estampas aplicadas a camisetas visite a nossa loja em <a href=\"https:\/\/reserva.ink\/anasottoni\" title=\"Nossa Loja\" rel=\"noopener\" target=\"_blank\">https:\/\/reserva.ink\/anasottoni<\/a><\/p>\n<p>Nosso processo de cria\u00e7\u00e3o de design cria as estampas, depois escolhemos aquela que ir\u00e3o vestir nossas camisetas. V\u00e1rias estampas s\u00e3o produzidas e voc\u00ea pode escolher alguma outra estampa que iremos produzir para voc\u00ea ou voc\u00ea pode utilizar a  mesma em sua comunica\u00e7\u00e3o.<\/p>\n","protected":false},"excerpt":{"rendered":"<p>A frase ic\u00f4nico que errado \u00e9 n\u00e3o fazer pizza. V\u00e1rios design em lettering para apresenta\u00e7\u00e3o e comunica\u00e7\u00e3o da nossa marca. Caso voc\u00ea queira conhecer outras estampas aplicadas a camisetas visite a nossa loja em https:\/\/reserva.ink\/anasottoni Nosso processo de cria\u00e7\u00e3o de design cria as estampas, depois escolhemos aquela que ir\u00e3o vestir nossas camisetas. V\u00e1rias estampas s\u00e3o [&hellip;]<\/p>\n","protected":false},"featured_media":799,"comment_status":"open","ping_status":"closed","template":"","meta":{"_crdt_document":"","pagelayer_contact_templates":[],"_pagelayer_content":"","_uag_custom_page_level_css":"","_monsterinsights_skip_tracking":false,"_monsterinsights_sitenote_active":false,"_monsterinsights_sitenote_note":"","_monsterinsights_sitenote_category":0,"site-sidebar-layout":"default","site-content-layout":"","ast-site-content-layout":"default","site-content-style":"default","site-sidebar-style":"default","ast-global-header-display":"","ast-banner-title-visibility":"","ast-main-header-display":"","ast-hfb-above-header-display":"","ast-hfb-below-header-display":"","ast-hfb-mobile-header-display":"","site-post-title":"","ast-breadcrumbs-content":"","ast-featured-img":"","footer-sml-layout":"","ast-disable-related-posts":"","theme-transparent-header-meta":"default","adv-header-id-meta":"","stick-header-meta":"","header-above-stick-meta":"","header-main-stick-meta":"","header-below-stick-meta":"","astra-migrate-meta-layouts":"set","ast-page-background-enabled":"default","ast-page-background-meta":{"desktop":{"background-color":"var(--ast-global-color-4)","background-image":"","background-repeat":"repeat","background-position":"center center","background-size":"auto","background-attachment":"scroll","background-type":"","background-media":"","overlay-type":"","overlay-color":"","overlay-opacity":"","overlay-gradient":""},"tablet":{"background-color":"","background-image":"","background-repeat":"repeat","background-position":"center center","background-size":"auto","background-attachment":"scroll","background-type":"","background-media":"","overlay-type":"","overlay-color":"","overlay-opacity":"","overlay-gradient":""},"mobile":{"background-color":"","background-image":"","background-repeat":"repeat","background-position":"center center","background-size":"auto","background-attachment":"scroll","background-type":"","background-media":"","overlay-type":"","overlay-color":"","overlay-opacity":"","overlay-gradient":""}},"ast-content-background-meta":{"desktop":{"background-color":"var(--ast-global-color-5)","background-image":"","background-repeat":"repeat","background-position":"center center","background-size":"auto","background-attachment":"scroll","background-type":"","background-media":"","overlay-type":"","overlay-color":"","overlay-opacity":"","overlay-gradient":""},"tablet":{"background-color":"var(--ast-global-color-5)","background-image":"","background-repeat":"repeat","background-position":"center center","background-size":"auto","background-attachment":"scroll","background-type":"","background-media":"","overlay-type":"","overlay-color":"","overlay-opacity":"","overlay-gradient":""},"mobile":{"background-color":"var(--ast-global-color-5)","background-image":"","background-repeat":"repeat","background-position":"center center","background-size":"auto","background-attachment":"scroll","background-type":"","background-media":"","overlay-type":"","overlay-color":"","overlay-opacity":"","overlay-gradient":""}}},"product_brand":[],"product_cat":[79],"product_tag":[103,102,85],"class_list":{"0":"post-798","1":"product","2":"type-product","3":"status-publish","4":"has-post-thumbnail","6":"product_cat-estamparia","7":"product_tag-errad","8":"product_tag-frase","9":"product_tag-pizza","10":"desktop-align-left","11":"tablet-align-left","12":"mobile-align-left","14":"first","15":"instock","16":"sale","17":"downloadable","18":"shipping-taxable","19":"purchasable","20":"product-type-simple"},"aioseo_notices":[],"uagb_featured_image_src":{"full":["https:\/\/editoraviva.art.br\/blog\/wp-content\/uploads\/2024\/05\/errado-e-nao-fazer-pizza.jpeg",1024,1024,false],"thumbnail":["https:\/\/editoraviva.art.br\/blog\/wp-content\/uploads\/2024\/05\/errado-e-nao-fazer-pizza-150x150.jpeg",150,150,true],"medium":["https:\/\/editoraviva.art.br\/blog\/wp-content\/uploads\/2024\/05\/errado-e-nao-fazer-pizza-300x300.jpeg",300,300,true],"medium_large":["https:\/\/editoraviva.art.br\/blog\/wp-content\/uploads\/2024\/05\/errado-e-nao-fazer-pizza-768x768.jpeg",768,768,true],"large":["https:\/\/editoraviva.art.br\/blog\/wp-content\/uploads\/2024\/05\/errado-e-nao-fazer-pizza.jpeg",1024,1024,false],"1536x1536":["https:\/\/editoraviva.art.br\/blog\/wp-content\/uploads\/2024\/05\/errado-e-nao-fazer-pizza.jpeg",1024,1024,false],"2048x2048":["https:\/\/editoraviva.art.br\/blog\/wp-content\/uploads\/2024\/05\/errado-e-nao-fazer-pizza.jpeg",1024,1024,false],"woocommerce_thumbnail":["https:\/\/editoraviva.art.br\/blog\/wp-content\/uploads\/2024\/05\/errado-e-nao-fazer-pizza-300x300.jpeg",300,300,true],"woocommerce_single":["https:\/\/editoraviva.art.br\/blog\/wp-content\/uploads\/2024\/05\/errado-e-nao-fazer-pizza-600x600.jpeg",600,600,true],"woocommerce_gallery_thumbnail":["https:\/\/editoraviva.art.br\/blog\/wp-content\/uploads\/2024\/05\/errado-e-nao-fazer-pizza-100x100.jpeg",100,100,true]},"uagb_author_info":{"display_name":"admin","author_link":"https:\/\/editoraviva.art.br\/blog\/author\/"},"uagb_comment_info":0,"uagb_excerpt":"A frase ic\u00f4nico que errado \u00e9 n\u00e3o fazer pizza. V\u00e1rios design em lettering para apresenta\u00e7\u00e3o e comunica\u00e7\u00e3o da nossa marca. Caso voc\u00ea queira conhecer outras estampas aplicadas a camisetas visite a nossa loja em https:\/\/reserva.ink\/anasottoni Nosso processo de cria\u00e7\u00e3o de design cria as estampas, depois escolhemos aquela que ir\u00e3o vestir nossas camisetas. V\u00e1rias estampas s\u00e3o&hellip;","jetpack_sharing_enabled":true,"post_mailing_queue_ids":[],"_links":{"self":[{"href":"https:\/\/editoraviva.art.br\/blog\/wp-json\/wp\/v2\/product\/798","targetHints":{"allow":["GET"]}}],"collection":[{"href":"https:\/\/editoraviva.art.br\/blog\/wp-json\/wp\/v2\/product"}],"about":[{"href":"https:\/\/editoraviva.art.br\/blog\/wp-json\/wp\/v2\/types\/product"}],"replies":[{"embeddable":true,"href":"https:\/\/editoraviva.art.br\/blog\/wp-json\/wp\/v2\/comments?post=798"}],"wp:featuredmedia":[{"embeddable":true,"href":"https:\/\/editoraviva.art.br\/blog\/wp-json\/wp\/v2\/media\/799"}],"wp:attachment":[{"href":"https:\/\/editoraviva.art.br\/blog\/wp-json\/wp\/v2\/media?parent=798"}],"wp:term":[{"taxonomy":"product_brand","embeddable":true,"href":"https:\/\/editoraviva.art.br\/blog\/wp-json\/wp\/v2\/product_brand?post=798"},{"taxonomy":"product_cat","embeddable":true,"href":"https:\/\/editoraviva.art.br\/blog\/wp-json\/wp\/v2\/product_cat?post=798"},{"taxonomy":"product_tag","embeddable":true,"href":"https:\/\/editoraviva.art.br\/blog\/wp-json\/wp\/v2\/product_tag?post=798"}],"curies":[{"name":"wp","href":"https:\/\/api.w.org\/{rel}","templated":true}]}}